{"id":1684,"date":"2022-01-28T05:10:45","date_gmt":"2022-01-28T05:10:45","guid":{"rendered":"https:\/\/histoire-patrimoine-aoustois.fr\/?page_id=1684"},"modified":"2023-05-06T03:29:30","modified_gmt":"2023-05-06T03:29:30","slug":"lassociation","status":"publish","type":"page","link":"https:\/\/histoire-patrimoine-aoustois.fr\/?page_id=1684","title":{"rendered":"L&rsquo;ASSOCIATION"},"content":{"rendered":"<div class=\"wp-block-image\">\n<figure class=\"aligncenter size-full\"><img decoding=\"async\" src=\"https:\/\/histoire-patrimoine-aoustois.fr\/wp-content\/uploads\/2022\/03\/logo-HPA-bandeau-mini-nouveau-site.jpg\" alt=\"\" class=\"wp-image-6486\"\/><\/figure>\n<\/div>\n\n\n<p class=\"has-text-align-center has-text-color has-medium-font-size\" style=\"color:#0014ff\"><br><br><br><strong>Les raisons d&rsquo;exister et les motivations de l&rsquo;association Histoire et Patrimoine Aoustois<br><\/strong><br><br><br><\/p>\n\n\n\n<p><\/p>\n\n\n\n<p class=\"has-text-align-center has-text-color\" style=\"color:#2e05fa\"><strong>L\u2019ASSOCIATION HISTOIRE ET PATRIMOINE AOUSTOIS<\/strong><\/p>\n\n\n\n<p><\/p>\n\n\n\n<p><br><br><br><\/p>\n\n\n\n<p><\/p>\n\n\n<div class=\"wp-block-image\">\n<figure class=\"aligncenter\"><img fetchpriority=\"high\" decoding=\"async\" width=\"640\" height=\"480\" src=\"https:\/\/histoire-patrimoine-aoustois.fr\/wp-content\/uploads\/2022\/01\/aouste-1860.jpg\" alt=\"\" class=\"wp-image-1782\" srcset=\"https:\/\/histoire-patrimoine-aoustois.fr\/wp-content\/uploads\/2022\/01\/aouste-1860.jpg 640w, https:\/\/histoire-patrimoine-aoustois.fr\/wp-content\/uploads\/2022\/01\/aouste-1860-300x225.jpg 300w\" sizes=\"(max-width: 640px) 100vw, 640px\" \/><figcaption class=\"wp-element-caption\"><em><strong>Le pont roman en 1862<\/strong><\/em><\/figcaption><\/figure>\n<\/div>\n\n\n<p>&nbsp;<br>C\u2019est une histoire qui a commenc\u00e9 en en 1998 avec quelques aoustois ayant d\u00e9cid\u00e9 de \u201csortir Aouste-sur-Sye de son oubli\u201d.<\/p>\n\n\n\n<p>Le but de notre association fond\u00e9e en 2012 est de <strong><a href=\"https:\/\/aouste-a-coeur.fr\/decouverte\/\">faire mieux conna\u00eetre Aouste-sur-Sye<\/a>,<\/strong> son pass\u00e9, promouvoir et sauvegarder son patrimoine local.<\/p>\n\n\n\n<p><strong>L\u2019association HISTOIRE ET PATRIMOINE AOUSTOIS s\u2019est donn\u00e9e pour objectifs de :<\/strong><br>&nbsp;<\/p>\n\n\n\n<ul class=\"wp-block-list\">\n<li>Collecter, rassembler, trier, diffuser tous documents, \u00e9crits, photos, musique , objets, \u2026 sur la commune d\u2019Aouste-sur-Sye;<\/li>\n\n\n\n<li>Transmettre et valoriser le patrimoine culturel, artistique, historique et architectural de la commune;<\/li>\n\n\n\n<li>Sensibiliser les habitants de la commune sur la valeur de ce patrimoine (expositions, conf\u00e9rences, publications);<\/li>\n\n\n\n<li>Organiser des visites guid\u00e9es du village sur un parcours historique:<\/li>\n\n\n\n<li>D\u00e9velopper en liaison avec la municipalit\u00e9, toutes actions susceptibles de favoriser la valorisation ou la sauvegarde de ce patrimoine.<\/li>\n<\/ul>\n\n\n\n<p>&nbsp;<br>Pour cela nous d\u00e9pouillons les archives, recherchons toutes photos, articles ou documents qui nous permettront de retracer et faire revivre le pass\u00e9 d\u2019Aouste-sur-Sye.<\/p>\n\n\n\n<p>Actuellement, chacun travaille \u00e0 la r\u00e9alisation d\u2019un nouveau livre sur \u201cLa vie \u00e9conomique d\u2019Aouste sur Sye\u201d. Nous avons d\u00e9j\u00e0 fait para\u00eetre deux livres sur Aouste sur Sye , \u201cAouste sur Sye \u2026 au fil du temps \u201d en 2015 ( r\u00e9\u00e9dit\u00e9 en 2018) et \u201d Aouste sur Sye, l\u2019eau dans tous ses \u00e9tats\u201d en 2017.<\/p>\n\n\n\n<p><br>Parmi nos \u201cr\u00e9alisations\u201d:<\/p>\n\n\n\n<ul class=\"wp-block-list\">\n<li>Des panneaux d\u2019information \u00ab&nbsp;Aouste-sur-Sye sur Sye, une cit\u00e9 mill\u00e9naire&nbsp;\u00bb<\/li>\n\n\n\n<li>En partenariat avec la commune, installation de 25 panonceaux sur un \u201d parcours historique de la ville\u201d<\/li>\n\n\n\n<li>Visites guid\u00e9es sont organis\u00e9es, soit lors de journ\u00e9es du patrimoine, soit \u00e0 la demande (scolaires, association culturelles, etc..) Lors des journ\u00e9es du patrimoine de septembre 2016, le th\u00e8me choisi \u00e9tait \u201cb\u00e2timent au XIX\u00b0 si\u00e8cle\u201d<\/li>\n\n\n\n<li>Projection vid\u00e9os sur l\u2019\u00e9volution d\u2019Aouste-sur-Sye au fil des ans.<\/li>\n\n\n\n<li>Expositions: \u201cAouste-sur-Sye de l\u2019Antiquit\u00e9 \u00e0 nos jours \u2013 Aouste-sur-Sye 1950-2000\u201d et en partenariat avec la m\u00e9diath\u00e8que expositions sur la Premi\u00e8re Guerre Mondiale ou la Lib\u00e9ration d\u2019Aouste-sur-Sye 1944-1945, etc\u2026<\/li>\n\n\n\n<li>En relation avec la Conservation du Patrimoine de la Dr\u00f4me nous avons \u00e9tabli sur le site du Conseil D\u00e9partemental une carte num\u00e9rique \u00e9volutive sur la d\u00e9couverte des quartiers et rues d\u2019Aouste-sur-Sye pour les touristes et aussi pour les locaux.&nbsp;&nbsp; (www. http:\/\/cartepatrimoine.ladrome.fr\/ )<\/li>\n<\/ul>\n\n\n\n<p>L\u2019association a aussi travaill\u00e9 avec l\u2019\u00e9cole d\u2019Aouste-sur-Sye dans le cadre du concours national organis\u00e9 par la Fondation du Patrimoine \u00ab&nbsp; J\u2019aime mon patrimoine&nbsp;\u00bb . Elle encourage les jeunes \u2013 mais aussi les moins jeunes et les nouveaux arrivants \u2013 \u00e0 se rendre compte du riche pass\u00e9 de leur village.<\/p>\n\n\n\n<p><strong>Le Pr\u00e9sident&nbsp;:<\/strong> Jean Claude Ch\u00e8ze<\/p>\n\n\n\n<p><br><strong>Les secr\u00e9taire<\/strong><strong>s&nbsp;:<\/strong> Marie H\u00e9l\u00e8ne Wintzenrieth<br>&nbsp;&nbsp;&nbsp;&nbsp;&nbsp;&nbsp;&nbsp;&nbsp;&nbsp;&nbsp;&nbsp;&nbsp;&nbsp;&nbsp; &nbsp;&nbsp;&nbsp;&nbsp;&nbsp;&nbsp; Colette Morand<br><\/p>\n\n\n\n<p><strong>Le tr\u00e9sorier&nbsp;:<\/strong>&nbsp; Claude Grangeon<br><br>&nbsp;&nbsp;&nbsp;&nbsp;&nbsp;&nbsp;&nbsp;&nbsp;&nbsp;&nbsp;&nbsp;&nbsp;&nbsp;&nbsp;&nbsp;&nbsp;&nbsp;&nbsp;&nbsp;&nbsp;&nbsp;&nbsp;&nbsp;&nbsp;&nbsp;&nbsp;&nbsp;&nbsp;&nbsp; \u2026 et une vingtaine de membres<br><\/p>\n\n\n\n<p><\/p>\n\n\n\n<p><\/p>\n\n\n\n<p><\/p>\n\n\n\n<p><\/p>\n\n\n\n<p><strong><u>POUR NOUS CONTACTER<\/u>&nbsp;:<\/strong><\/p>\n\n\n\n<p><strong>Mail : histoire.patrimoine.aoustois@orange.fr&nbsp;&nbsp; <br>Site :<a href=\"https:\/\/histoire-et-patrimoine-aoustois.fr\/fr\/\"> <\/a><a href=\"https:\/\/histoire-patrimoine-aoustois.fr\/\" target=\"_blank\" rel=\"noreferrer noopener\">www.histoire-patrimoine-aoustois.fr<\/a><\/strong><\/p>\n\n\n\n<p><\/p>\n\n\n\n<p><\/p>\n\n\n\n<p><\/p>\n\n\n\n<p><strong><u>POUR NOUS SOUTENIR<\/u>&nbsp;:<\/strong><\/p>\n\n\n\n<p><\/p>\n\n\n\n<p><\/p>\n\n\n\n<p class=\"has-text-align-center\"><strong>D<\/strong><strong>EMANDE D\u2019ADHESION<\/strong><\/p>\n\n\n\n<p class=\"has-text-align-left\"><br><br><br><strong>NOM : (Mr, Mme, Mlle)<\/strong><br><br><strong>PRENOM :<\/strong><br><br><strong>ADRESSE <\/strong>:<br>&nbsp;<br><strong>CODE POSTAL<\/strong><br><br><strong>VILLE <\/strong>:<br><br><strong>N\u00b0 de t\u00e9l\u00e9phone :<\/strong><br><br><strong>Adresse mail (facultatif) :<\/strong><\/p>\n\n\n\n<p>Je soussign\u00e9(e) d\u00e9sire adh\u00e9rer \u00e0 l\u2019association Histoire et Patrimoine Aoustois<br>&nbsp;<br>Date&nbsp;&nbsp;&nbsp;&nbsp;&nbsp;&nbsp;&nbsp;&nbsp;&nbsp;&nbsp;&nbsp;&nbsp;&nbsp;&nbsp;&nbsp;&nbsp;&nbsp;&nbsp;&nbsp;&nbsp;&nbsp;&nbsp;&nbsp;&nbsp;&nbsp;&nbsp;&nbsp;&nbsp;&nbsp;&nbsp;&nbsp;&nbsp;&nbsp;&nbsp;&nbsp;&nbsp;&nbsp;&nbsp;&nbsp;&nbsp;&nbsp;&nbsp;&nbsp;&nbsp;&nbsp;&nbsp;&nbsp;&nbsp;&nbsp;&nbsp;&nbsp;&nbsp;&nbsp;&nbsp;&nbsp;&nbsp;&nbsp;&nbsp;&nbsp;&nbsp;&nbsp; Signature<br>&nbsp;<\/p>\n\n\n\n<p><strong>Le r\u00e8glement de la cotisation est de l\u2019ordre de 10 euros pour l\u2019ann\u00e9e 202<\/strong><strong>2<\/strong><strong>.<br>R\u00e8glement \u00e0 faire parvenir au si\u00e8ge de l\u2019association: Mairie, Avenue Am\u00e9d\u00e9e Terrail&nbsp; 26400 Aouste sur Sye<\/strong><\/p>\n","protected":false},"excerpt":{"rendered":"<p>Les raisons d&rsquo;exister et les motivations de l&rsquo;association Histoire et Patrimoine Aoustois L\u2019ASSOCIATION HISTOIRE ET PATRIMOINE AOUSTOIS &nbsp;C\u2019est une histoire qui a commenc\u00e9 en en 1998 avec quelques aoustois ayant d\u00e9cid\u00e9 de \u201csortir Aouste-sur-Sye de son oubli\u201d. Le but de notre association fond\u00e9e en 2012 est de faire mieux conna\u00eetre Aouste-sur-Sye, son pass\u00e9, promouvoir et [&hellip;]<\/p>\n","protected":false},"author":1,"featured_media":0,"parent":0,"menu_order":0,"comment_status":"open","ping_status":"closed","template":"","meta":{"footnotes":""},"class_list":["post-1684","page","type-page","status-publish","hentry","entry"],"yoast_head":"<!-- This site is optimized with the Yoast SEO plugin v27.3 - https:\/\/yoast.com\/product\/yoast-seo-wordpress\/ -->\n<title>L&#039;ASSOCIATION - HISTOIRE PATRIMOINE AOUSTOIS<\/title>\n<meta name=\"description\" content=\"Les raisons d&#039;exister et les motivations de l&#039;association Histoire et Patrimoine Aoustois\" \/>\n<meta name=\"robots\" content=\"index, follow, max-snippet:-1, max-image-preview:large, max-video-preview:-1\" \/>\n<link rel=\"canonical\" href=\"https:\/\/histoire-patrimoine-aoustois.fr\/?page_id=1684\" \/>\n<meta property=\"og:locale\" content=\"fr_FR\" \/>\n<meta property=\"og:type\" content=\"article\" \/>\n<meta property=\"og:title\" content=\"L&#039;ASSOCIATION - HISTOIRE PATRIMOINE AOUSTOIS\" \/>\n<meta property=\"og:description\" content=\"Les raisons d&#039;exister et les motivations de l&#039;association Histoire et Patrimoine Aoustois\" \/>\n<meta property=\"og:url\" content=\"https:\/\/histoire-patrimoine-aoustois.fr\/?page_id=1684\" \/>\n<meta property=\"og:site_name\" content=\"HISTOIRE PATRIMOINE AOUSTOIS\" \/>\n<meta property=\"article:modified_time\" content=\"2023-05-06T03:29:30+00:00\" \/>\n<meta property=\"og:image\" content=\"https:\/\/histoire-patrimoine-aoustois.fr\/wp-content\/uploads\/2022\/03\/logo-HPA-bandeau-mini-nouveau-site.jpg\" \/>\n<meta name=\"twitter:card\" content=\"summary_large_image\" \/>\n<meta name=\"twitter:label1\" content=\"Dur\u00e9e de lecture estim\u00e9e\" \/>\n\t<meta name=\"twitter:data1\" content=\"3 minutes\" \/>\n<script type=\"application\/ld+json\" class=\"yoast-schema-graph\">{\"@context\":\"https:\\\/\\\/schema.org\",\"@graph\":[{\"@type\":\"WebPage\",\"@id\":\"https:\\\/\\\/histoire-patrimoine-aoustois.fr\\\/?page_id=1684\",\"url\":\"https:\\\/\\\/histoire-patrimoine-aoustois.fr\\\/?page_id=1684\",\"name\":\"L'ASSOCIATION - HISTOIRE PATRIMOINE AOUSTOIS\",\"isPartOf\":{\"@id\":\"https:\\\/\\\/histoire-patrimoine-aoustois.fr\\\/#website\"},\"primaryImageOfPage\":{\"@id\":\"https:\\\/\\\/histoire-patrimoine-aoustois.fr\\\/?page_id=1684#primaryimage\"},\"image\":{\"@id\":\"https:\\\/\\\/histoire-patrimoine-aoustois.fr\\\/?page_id=1684#primaryimage\"},\"thumbnailUrl\":\"https:\\\/\\\/histoire-patrimoine-aoustois.fr\\\/wp-content\\\/uploads\\\/2022\\\/03\\\/logo-HPA-bandeau-mini-nouveau-site.jpg\",\"datePublished\":\"2022-01-28T05:10:45+00:00\",\"dateModified\":\"2023-05-06T03:29:30+00:00\",\"description\":\"Les raisons d'exister et les motivations de l'association Histoire et Patrimoine Aoustois\",\"breadcrumb\":{\"@id\":\"https:\\\/\\\/histoire-patrimoine-aoustois.fr\\\/?page_id=1684#breadcrumb\"},\"inLanguage\":\"fr-FR\",\"potentialAction\":[{\"@type\":\"ReadAction\",\"target\":[\"https:\\\/\\\/histoire-patrimoine-aoustois.fr\\\/?page_id=1684\"]}]},{\"@type\":\"ImageObject\",\"inLanguage\":\"fr-FR\",\"@id\":\"https:\\\/\\\/histoire-patrimoine-aoustois.fr\\\/?page_id=1684#primaryimage\",\"url\":\"\",\"contentUrl\":\"\"},{\"@type\":\"BreadcrumbList\",\"@id\":\"https:\\\/\\\/histoire-patrimoine-aoustois.fr\\\/?page_id=1684#breadcrumb\",\"itemListElement\":[{\"@type\":\"ListItem\",\"position\":1,\"name\":\"Accueil\",\"item\":\"https:\\\/\\\/histoire-patrimoine-aoustois.fr\\\/\"},{\"@type\":\"ListItem\",\"position\":2,\"name\":\"L&rsquo;ASSOCIATION\"}]},{\"@type\":\"WebSite\",\"@id\":\"https:\\\/\\\/histoire-patrimoine-aoustois.fr\\\/#website\",\"url\":\"https:\\\/\\\/histoire-patrimoine-aoustois.fr\\\/\",\"name\":\"HISTOIRE PATRIMOINE AOUSTOIS\",\"description\":\"\",\"publisher\":{\"@id\":\"https:\\\/\\\/histoire-patrimoine-aoustois.fr\\\/#organization\"},\"potentialAction\":[{\"@type\":\"SearchAction\",\"target\":{\"@type\":\"EntryPoint\",\"urlTemplate\":\"https:\\\/\\\/histoire-patrimoine-aoustois.fr\\\/?s={search_term_string}\"},\"query-input\":{\"@type\":\"PropertyValueSpecification\",\"valueRequired\":true,\"valueName\":\"search_term_string\"}}],\"inLanguage\":\"fr-FR\"},{\"@type\":\"Organization\",\"@id\":\"https:\\\/\\\/histoire-patrimoine-aoustois.fr\\\/#organization\",\"name\":\"histoire patrimoine aoustois\",\"url\":\"https:\\\/\\\/histoire-patrimoine-aoustois.fr\\\/\",\"logo\":{\"@type\":\"ImageObject\",\"inLanguage\":\"fr-FR\",\"@id\":\"https:\\\/\\\/histoire-patrimoine-aoustois.fr\\\/#\\\/schema\\\/logo\\\/image\\\/\",\"url\":\"\",\"contentUrl\":\"\",\"caption\":\"histoire patrimoine aoustois\"},\"image\":{\"@id\":\"https:\\\/\\\/histoire-patrimoine-aoustois.fr\\\/#\\\/schema\\\/logo\\\/image\\\/\"}}]}<\/script>\n<!-- \/ Yoast SEO plugin. -->","yoast_head_json":{"title":"L'ASSOCIATION - HISTOIRE PATRIMOINE AOUSTOIS","description":"Les raisons d'exister et les motivations de l'association Histoire et Patrimoine Aoustois","robots":{"index":"index","follow":"follow","max-snippet":"max-snippet:-1","max-image-preview":"max-image-preview:large","max-video-preview":"max-video-preview:-1"},"canonical":"https:\/\/histoire-patrimoine-aoustois.fr\/?page_id=1684","og_locale":"fr_FR","og_type":"article","og_title":"L'ASSOCIATION - HISTOIRE PATRIMOINE AOUSTOIS","og_description":"Les raisons d'exister et les motivations de l'association Histoire et Patrimoine Aoustois","og_url":"https:\/\/histoire-patrimoine-aoustois.fr\/?page_id=1684","og_site_name":"HISTOIRE PATRIMOINE AOUSTOIS","article_modified_time":"2023-05-06T03:29:30+00:00","og_image":[{"url":"https:\/\/histoire-patrimoine-aoustois.fr\/wp-content\/uploads\/2022\/03\/logo-HPA-bandeau-mini-nouveau-site.jpg","type":"","width":"","height":""}],"twitter_card":"summary_large_image","twitter_misc":{"Dur\u00e9e de lecture estim\u00e9e":"3 minutes"},"schema":{"@context":"https:\/\/schema.org","@graph":[{"@type":"WebPage","@id":"https:\/\/histoire-patrimoine-aoustois.fr\/?page_id=1684","url":"https:\/\/histoire-patrimoine-aoustois.fr\/?page_id=1684","name":"L'ASSOCIATION - HISTOIRE PATRIMOINE AOUSTOIS","isPartOf":{"@id":"https:\/\/histoire-patrimoine-aoustois.fr\/#website"},"primaryImageOfPage":{"@id":"https:\/\/histoire-patrimoine-aoustois.fr\/?page_id=1684#primaryimage"},"image":{"@id":"https:\/\/histoire-patrimoine-aoustois.fr\/?page_id=1684#primaryimage"},"thumbnailUrl":"https:\/\/histoire-patrimoine-aoustois.fr\/wp-content\/uploads\/2022\/03\/logo-HPA-bandeau-mini-nouveau-site.jpg","datePublished":"2022-01-28T05:10:45+00:00","dateModified":"2023-05-06T03:29:30+00:00","description":"Les raisons d'exister et les motivations de l'association Histoire et Patrimoine Aoustois","breadcrumb":{"@id":"https:\/\/histoire-patrimoine-aoustois.fr\/?page_id=1684#breadcrumb"},"inLanguage":"fr-FR","potentialAction":[{"@type":"ReadAction","target":["https:\/\/histoire-patrimoine-aoustois.fr\/?page_id=1684"]}]},{"@type":"ImageObject","inLanguage":"fr-FR","@id":"https:\/\/histoire-patrimoine-aoustois.fr\/?page_id=1684#primaryimage","url":"","contentUrl":""},{"@type":"BreadcrumbList","@id":"https:\/\/histoire-patrimoine-aoustois.fr\/?page_id=1684#breadcrumb","itemListElement":[{"@type":"ListItem","position":1,"name":"Accueil","item":"https:\/\/histoire-patrimoine-aoustois.fr\/"},{"@type":"ListItem","position":2,"name":"L&rsquo;ASSOCIATION"}]},{"@type":"WebSite","@id":"https:\/\/histoire-patrimoine-aoustois.fr\/#website","url":"https:\/\/histoire-patrimoine-aoustois.fr\/","name":"HISTOIRE PATRIMOINE AOUSTOIS","description":"","publisher":{"@id":"https:\/\/histoire-patrimoine-aoustois.fr\/#organization"},"potentialAction":[{"@type":"SearchAction","target":{"@type":"EntryPoint","urlTemplate":"https:\/\/histoire-patrimoine-aoustois.fr\/?s={search_term_string}"},"query-input":{"@type":"PropertyValueSpecification","valueRequired":true,"valueName":"search_term_string"}}],"inLanguage":"fr-FR"},{"@type":"Organization","@id":"https:\/\/histoire-patrimoine-aoustois.fr\/#organization","name":"histoire patrimoine aoustois","url":"https:\/\/histoire-patrimoine-aoustois.fr\/","logo":{"@type":"ImageObject","inLanguage":"fr-FR","@id":"https:\/\/histoire-patrimoine-aoustois.fr\/#\/schema\/logo\/image\/","url":"","contentUrl":"","caption":"histoire patrimoine aoustois"},"image":{"@id":"https:\/\/histoire-patrimoine-aoustois.fr\/#\/schema\/logo\/image\/"}}]}},"jetpack_sharing_enabled":true,"_links":{"self":[{"href":"https:\/\/histoire-patrimoine-aoustois.fr\/index.php?rest_route=\/wp\/v2\/pages\/1684","targetHints":{"allow":["GET"]}}],"collection":[{"href":"https:\/\/histoire-patrimoine-aoustois.fr\/index.php?rest_route=\/wp\/v2\/pages"}],"about":[{"href":"https:\/\/histoire-patrimoine-aoustois.fr\/index.php?rest_route=\/wp\/v2\/types\/page"}],"author":[{"embeddable":true,"href":"https:\/\/histoire-patrimoine-aoustois.fr\/index.php?rest_route=\/wp\/v2\/users\/1"}],"replies":[{"embeddable":true,"href":"https:\/\/histoire-patrimoine-aoustois.fr\/index.php?rest_route=%2Fwp%2Fv2%2Fcomments&post=1684"}],"version-history":[{"count":1,"href":"https:\/\/histoire-patrimoine-aoustois.fr\/index.php?rest_route=\/wp\/v2\/pages\/1684\/revisions"}],"predecessor-version":[{"id":8215,"href":"https:\/\/histoire-patrimoine-aoustois.fr\/index.php?rest_route=\/wp\/v2\/pages\/1684\/revisions\/8215"}],"wp:attachment":[{"href":"https:\/\/histoire-patrimoine-aoustois.fr\/index.php?rest_route=%2Fwp%2Fv2%2Fmedia&parent=1684"}],"curies":[{"name":"wp","href":"https:\/\/api.w.org\/{rel}","templated":true}]}}