{"id":1702,"date":"2022-01-28T05:24:11","date_gmt":"2022-01-28T05:24:11","guid":{"rendered":"https:\/\/histoire-patrimoine-aoustois.fr\/?page_id=1702"},"modified":"2022-03-24T05:23:07","modified_gmt":"2022-03-24T05:23:07","slug":"antiquites-daouste","status":"publish","type":"page","link":"https:\/\/histoire-patrimoine-aoustois.fr\/?page_id=1702","title":{"rendered":"ANTIQUITES D&rsquo;AOUSTE"},"content":{"rendered":"\n<p><\/p>\n\n\n\n<p><\/p>\n\n\n\n<div class=\"wp-block-image\"><figure class=\"aligncenter size-full\"><img decoding=\"async\" src=\"https:\/\/histoire-patrimoine-aoustois.fr\/wp-content\/uploads\/2022\/03\/logo-HPA-bandeau-mini-nouveau-site.jpg\" alt=\"\" class=\"wp-image-6486\"\/><\/figure><\/div>\n\n\n\n<p><br><br><br><\/p>\n\n\n\n<p><\/p>\n\n\n\n<p class=\"has-text-align-center has-text-color\" style=\"color:#3000f9\"><strong>DES ANTIQUITES D&rsquo;AOUSTE SUR SYE<\/strong> &#8230;<\/p>\n\n\n\n<p class=\"has-text-color\" style=\"color:#0025fd\"><br><br><br><strong>Le t\u00e9moignage du pass\u00e9 romain d&rsquo;Aouste sur Sye<\/strong><\/p>\n\n\n\n<p><br><br><br><br><br><\/p>\n\n\n\n<div class=\"wp-block-image\"><figure class=\"aligncenter\"><img decoding=\"async\" src=\"https:\/\/static.neopse.com\/medias\/p\/523\/site\/79\/f7\/1e\/79f71e9eb7b1cd1213be47a03f283ff90c079ad6.jpg?v=v1\" alt=\"\"\/><figcaption><strong>Epitaphe \u00e0 Aouste du d\u00e9but du 1er si\u00e8cle en latin :<br>\u00ab<em> A Celsa fille de Buccacus Tertius Hector \u00e0 son \u00e9pouse <\/em>\u00bb<\/strong><\/figcaption><\/figure><\/div>\n\n\n\n<p><\/p>\n\n\n\n<div class=\"wp-block-image\"><figure class=\"aligncenter\"><img decoding=\"async\" src=\"https:\/\/static.neopse.com\/medias\/p\/523\/site\/6d\/ae\/24\/6dae24ab951f6d6390c03322ed2d1a858914afbd.jpg?v=v1\" alt=\"\"\/><figcaption><strong>Quartier Saint Alban, au sud d\u2019Aouste, un autel au-dessus du bassin d\u2019une fontaine, \u00e9lev\u00e9 \u00e0 Jupiter,<br>orn\u00e9 d\u2019une figure de la foudre \u00e0 l\u2019endroit touch\u00e9<br>Par le tonnerre ; les lieux frapp\u00e9s par la foudre<br>\u00e9taient consid\u00e9r\u00e9s comme sacr\u00e9.<br>D\u00e9tail de l\u2019inscription en latin incompl\u00e8te :<br>\u00ab <em>I O M M. I. S E R V (IDVI Optimo Maximo,<br>M.Iulius Servatus)<\/em> \u00bb<br>(A Jupiter tr\u00e8s bon tr\u00e8s<br>Grand par Marcus Julius Serva&nbsp; tus)<\/strong><\/figcaption><\/figure><\/div>\n\n\n\n<p><\/p>\n\n\n\n<p><\/p>\n\n\n\n<div class=\"wp-block-image\"><figure class=\"aligncenter size-full\"><img fetchpriority=\"high\" decoding=\"async\" width=\"351\" height=\"217\" src=\"https:\/\/histoire-patrimoine-aoustois.fr\/wp-content\/uploads\/2022\/02\/antiquites-epitaphe-die.jpg\" alt=\"\" class=\"wp-image-2247\" srcset=\"https:\/\/histoire-patrimoine-aoustois.fr\/wp-content\/uploads\/2022\/02\/antiquites-epitaphe-die.jpg 351w, https:\/\/histoire-patrimoine-aoustois.fr\/wp-content\/uploads\/2022\/02\/antiquites-epitaphe-die-300x185.jpg 300w\" sizes=\"(max-width: 351px) 100vw, 351px\" \/><figcaption><strong>Plaque de marbre avec \u00e9pitaphe \u00e0 Gaius Julius<br>Successus, d\u00e9couverte dans un champ et conserv\u00e9e<br>Au mus\u00e9e de Die.<\/strong><\/figcaption><\/figure><\/div>\n\n\n\n<p><\/p>\n\n\n\n<p><\/p>\n\n\n\n<div class=\"wp-block-image\"><figure class=\"aligncenter size-full\"><img decoding=\"async\" width=\"298\" height=\"249\" src=\"https:\/\/histoire-patrimoine-aoustois.fr\/wp-content\/uploads\/2022\/02\/antiquites-plaque-marbre-blanc.jpg\" alt=\"\" class=\"wp-image-2248\"\/><figcaption><strong>Plaque de marbre blanc (haut.18 cm, larg. 18 cm, \u00e9pais. 4 cm)<br>grav\u00e9e sur deux faces, conserv\u00e9e au mus\u00e9e de Die. Sur la face A :<br>\u00ab <em>ici reposent en paix Rodanicus de bonne m\u00e9moire&#8230; \u00bb<br>et sur la face B: \u00ab sous cette \u00e9pitaphe repose en paix Ferrola, de bonne m\u00e9moire qui<br>a v\u00e9cu &#8230; ann\u00e9es <\/em>\u00bb. Le texte A para\u00eet ant\u00e9rieur au texte B, VIe<br>si\u00e8cle.<\/strong><br><\/figcaption><\/figure><\/div>\n\n\n\n<p><\/p>\n\n\n\n<p><\/p>\n\n\n\n<div class=\"wp-block-image\"><figure class=\"aligncenter\"><img decoding=\"async\" src=\"https:\/\/static.neopse.com\/medias\/p\/523\/site\/18\/5b\/13\/185b13462615149fc9027f0ed7441a250310ba15.jpg?v=v1\" alt=\"\"\/><figcaption><strong>Sur une tablette conserv\u00e9e au mus\u00e9e Calvet d\u2019Avignon,<br>l\u2019extrait d\u2019une inscription en latin : \u00ab<em> Au nom du Christ,<br>ici repose Amp\u00e9lius, fid\u00e8le serviteur de Dieu et<br>Sing\u00e9nia, qui ont v\u00e9cu dans l\u2019affection conjugale et la<br>tendresse, 70 ans (?) environ, et sont demeur\u00e9s tout ce<br>temps dans la paix du Seigneur.Telle fut la puret\u00e9 de leur vie que durant plus de 20 ans, l\u2019\u00e9pouse \u00e9trang\u00e8re \u00e0 son mari, persista dans l\u2019observance d\u2019une continuelle chastet\u00e9. Amp\u00e9lius de v\u00e9n\u00e9rable m\u00e9moire, est mort le 16 des calendes de d\u00e9cembre (16 novembre), sous le consulat de Festus et Marcianus. Sing\u00e9nia, de bon souvenir, a tr\u00e9pass\u00e9 le 6 des calendes de janvier (25 d\u00e9sembre) l\u2019ann\u00e9e apr\u00e8s le consulat de Victor (472?)<\/em>\u00ab\u00a0<\/strong><br><\/figcaption><\/figure><\/div>\n\n\n\n<p><br><br><\/p>\n\n\n\n<div class=\"wp-block-image\"><figure class=\"aligncenter\"><img decoding=\"async\" src=\"https:\/\/static.neopse.com\/medias\/p\/523\/site\/33\/1c\/30\/331c3000d8dc76a1f24bda0480fd92c55bcd185f.jpg?v=v1\" alt=\"\"\/><figcaption><strong>Sesterce \u00e0 l\u2019effigie d\u2019Antonin le Pieux (86-161)<br>Empereur romain de 138 \u00e0 161 (face)<\/strong><\/figcaption><\/figure><\/div>\n\n\n\n<div class=\"wp-block-image\"><figure class=\"aligncenter\"><img decoding=\"async\" src=\"https:\/\/static.neopse.com\/medias\/p\/523\/site\/4f\/f7\/b7\/4ff7b725a927030eff8dccbc4911672fa4394777.jpg?v=v1\" alt=\"\"\/><figcaption><strong>Sesterce \u00e0 l\u2019effigie d\u2019Antonin le Pieux (86-161)<br>Empereur romain de 138 \u00e0 161 (verso)<\/strong><\/figcaption><\/figure><\/div>\n\n\n\n<p><\/p>\n","protected":false},"excerpt":{"rendered":"<p>DES ANTIQUITES D&rsquo;AOUSTE SUR SYE &#8230; Le t\u00e9moignage du pass\u00e9 romain d&rsquo;Aouste sur Sye<\/p>\n","protected":false},"author":1,"featured_media":0,"parent":0,"menu_order":0,"comment_status":"open","ping_status":"closed","template":"","meta":{"footnotes":""},"class_list":["post-1702","page","type-page","status-publish","hentry","entry"],"yoast_head":"<!-- This site is optimized with the Yoast SEO plugin v27.4 - https:\/\/yoast.com\/product\/yoast-seo-wordpress\/ -->\n<title>ANTIQUITES D&#039;AOUSTE - HISTOIRE PATRIMOINE AOUSTOIS<\/title>\n<meta name=\"description\" content=\"Quelques antiquit\u00e9s retrouv\u00e9es sur la commune d&#039;Aouste sur Sye (Dr\u00f4me), t\u00e9moignage de la vie romaine.\" \/>\n<meta name=\"robots\" content=\"index, follow, max-snippet:-1, max-image-preview:large, max-video-preview:-1\" \/>\n<link rel=\"canonical\" href=\"https:\/\/histoire-patrimoine-aoustois.fr\/?page_id=1702\" \/>\n<meta property=\"og:locale\" content=\"fr_FR\" \/>\n<meta property=\"og:type\" content=\"article\" \/>\n<meta property=\"og:title\" content=\"ANTIQUITES D&#039;AOUSTE - HISTOIRE PATRIMOINE AOUSTOIS\" \/>\n<meta property=\"og:description\" content=\"Quelques antiquit\u00e9s retrouv\u00e9es sur la commune d&#039;Aouste sur Sye (Dr\u00f4me), t\u00e9moignage de la vie romaine.\" \/>\n<meta property=\"og:url\" content=\"https:\/\/histoire-patrimoine-aoustois.fr\/?page_id=1702\" \/>\n<meta property=\"og:site_name\" content=\"HISTOIRE PATRIMOINE AOUSTOIS\" \/>\n<meta property=\"article:modified_time\" content=\"2022-03-24T05:23:07+00:00\" \/>\n<meta property=\"og:image\" content=\"https:\/\/histoire-patrimoine-aoustois.fr\/wp-content\/uploads\/2022\/03\/logo-HPA-bandeau-mini-nouveau-site.jpg\" \/>\n<meta name=\"twitter:card\" content=\"summary_large_image\" \/>\n<meta name=\"twitter:label1\" content=\"Dur\u00e9e de lecture estim\u00e9e\" \/>\n\t<meta name=\"twitter:data1\" content=\"4 minutes\" \/>\n<script type=\"application\/ld+json\" class=\"yoast-schema-graph\">{\"@context\":\"https:\\\/\\\/schema.org\",\"@graph\":[{\"@type\":\"WebPage\",\"@id\":\"https:\\\/\\\/histoire-patrimoine-aoustois.fr\\\/?page_id=1702\",\"url\":\"https:\\\/\\\/histoire-patrimoine-aoustois.fr\\\/?page_id=1702\",\"name\":\"ANTIQUITES D'AOUSTE - HISTOIRE PATRIMOINE AOUSTOIS\",\"isPartOf\":{\"@id\":\"https:\\\/\\\/histoire-patrimoine-aoustois.fr\\\/#website\"},\"primaryImageOfPage\":{\"@id\":\"https:\\\/\\\/histoire-patrimoine-aoustois.fr\\\/?page_id=1702#primaryimage\"},\"image\":{\"@id\":\"https:\\\/\\\/histoire-patrimoine-aoustois.fr\\\/?page_id=1702#primaryimage\"},\"thumbnailUrl\":\"https:\\\/\\\/histoire-patrimoine-aoustois.fr\\\/wp-content\\\/uploads\\\/2022\\\/03\\\/logo-HPA-bandeau-mini-nouveau-site.jpg\",\"datePublished\":\"2022-01-28T05:24:11+00:00\",\"dateModified\":\"2022-03-24T05:23:07+00:00\",\"description\":\"Quelques antiquit\u00e9s retrouv\u00e9es sur la commune d'Aouste sur Sye (Dr\u00f4me), t\u00e9moignage de la vie romaine.\",\"breadcrumb\":{\"@id\":\"https:\\\/\\\/histoire-patrimoine-aoustois.fr\\\/?page_id=1702#breadcrumb\"},\"inLanguage\":\"fr-FR\",\"potentialAction\":[{\"@type\":\"ReadAction\",\"target\":[\"https:\\\/\\\/histoire-patrimoine-aoustois.fr\\\/?page_id=1702\"]}]},{\"@type\":\"ImageObject\",\"inLanguage\":\"fr-FR\",\"@id\":\"https:\\\/\\\/histoire-patrimoine-aoustois.fr\\\/?page_id=1702#primaryimage\",\"url\":\"\",\"contentUrl\":\"\"},{\"@type\":\"BreadcrumbList\",\"@id\":\"https:\\\/\\\/histoire-patrimoine-aoustois.fr\\\/?page_id=1702#breadcrumb\",\"itemListElement\":[{\"@type\":\"ListItem\",\"position\":1,\"name\":\"Accueil\",\"item\":\"https:\\\/\\\/histoire-patrimoine-aoustois.fr\\\/\"},{\"@type\":\"ListItem\",\"position\":2,\"name\":\"ANTIQUITES D&rsquo;AOUSTE\"}]},{\"@type\":\"WebSite\",\"@id\":\"https:\\\/\\\/histoire-patrimoine-aoustois.fr\\\/#website\",\"url\":\"https:\\\/\\\/histoire-patrimoine-aoustois.fr\\\/\",\"name\":\"HISTOIRE PATRIMOINE AOUSTOIS\",\"description\":\"\",\"publisher\":{\"@id\":\"https:\\\/\\\/histoire-patrimoine-aoustois.fr\\\/#organization\"},\"potentialAction\":[{\"@type\":\"SearchAction\",\"target\":{\"@type\":\"EntryPoint\",\"urlTemplate\":\"https:\\\/\\\/histoire-patrimoine-aoustois.fr\\\/?s={search_term_string}\"},\"query-input\":{\"@type\":\"PropertyValueSpecification\",\"valueRequired\":true,\"valueName\":\"search_term_string\"}}],\"inLanguage\":\"fr-FR\"},{\"@type\":\"Organization\",\"@id\":\"https:\\\/\\\/histoire-patrimoine-aoustois.fr\\\/#organization\",\"name\":\"histoire patrimoine aoustois\",\"url\":\"https:\\\/\\\/histoire-patrimoine-aoustois.fr\\\/\",\"logo\":{\"@type\":\"ImageObject\",\"inLanguage\":\"fr-FR\",\"@id\":\"https:\\\/\\\/histoire-patrimoine-aoustois.fr\\\/#\\\/schema\\\/logo\\\/image\\\/\",\"url\":\"\",\"contentUrl\":\"\",\"caption\":\"histoire patrimoine aoustois\"},\"image\":{\"@id\":\"https:\\\/\\\/histoire-patrimoine-aoustois.fr\\\/#\\\/schema\\\/logo\\\/image\\\/\"}}]}<\/script>\n<!-- \/ Yoast SEO plugin. -->","yoast_head_json":{"title":"ANTIQUITES D'AOUSTE - HISTOIRE PATRIMOINE AOUSTOIS","description":"Quelques antiquit\u00e9s retrouv\u00e9es sur la commune d'Aouste sur Sye (Dr\u00f4me), t\u00e9moignage de la vie romaine.","robots":{"index":"index","follow":"follow","max-snippet":"max-snippet:-1","max-image-preview":"max-image-preview:large","max-video-preview":"max-video-preview:-1"},"canonical":"https:\/\/histoire-patrimoine-aoustois.fr\/?page_id=1702","og_locale":"fr_FR","og_type":"article","og_title":"ANTIQUITES D'AOUSTE - HISTOIRE PATRIMOINE AOUSTOIS","og_description":"Quelques antiquit\u00e9s retrouv\u00e9es sur la commune d'Aouste sur Sye (Dr\u00f4me), t\u00e9moignage de la vie romaine.","og_url":"https:\/\/histoire-patrimoine-aoustois.fr\/?page_id=1702","og_site_name":"HISTOIRE PATRIMOINE AOUSTOIS","article_modified_time":"2022-03-24T05:23:07+00:00","og_image":[{"url":"https:\/\/histoire-patrimoine-aoustois.fr\/wp-content\/uploads\/2022\/03\/logo-HPA-bandeau-mini-nouveau-site.jpg","type":"","width":"","height":""}],"twitter_card":"summary_large_image","twitter_misc":{"Dur\u00e9e de lecture estim\u00e9e":"4 minutes"},"schema":{"@context":"https:\/\/schema.org","@graph":[{"@type":"WebPage","@id":"https:\/\/histoire-patrimoine-aoustois.fr\/?page_id=1702","url":"https:\/\/histoire-patrimoine-aoustois.fr\/?page_id=1702","name":"ANTIQUITES D'AOUSTE - HISTOIRE PATRIMOINE AOUSTOIS","isPartOf":{"@id":"https:\/\/histoire-patrimoine-aoustois.fr\/#website"},"primaryImageOfPage":{"@id":"https:\/\/histoire-patrimoine-aoustois.fr\/?page_id=1702#primaryimage"},"image":{"@id":"https:\/\/histoire-patrimoine-aoustois.fr\/?page_id=1702#primaryimage"},"thumbnailUrl":"https:\/\/histoire-patrimoine-aoustois.fr\/wp-content\/uploads\/2022\/03\/logo-HPA-bandeau-mini-nouveau-site.jpg","datePublished":"2022-01-28T05:24:11+00:00","dateModified":"2022-03-24T05:23:07+00:00","description":"Quelques antiquit\u00e9s retrouv\u00e9es sur la commune d'Aouste sur Sye (Dr\u00f4me), t\u00e9moignage de la vie romaine.","breadcrumb":{"@id":"https:\/\/histoire-patrimoine-aoustois.fr\/?page_id=1702#breadcrumb"},"inLanguage":"fr-FR","potentialAction":[{"@type":"ReadAction","target":["https:\/\/histoire-patrimoine-aoustois.fr\/?page_id=1702"]}]},{"@type":"ImageObject","inLanguage":"fr-FR","@id":"https:\/\/histoire-patrimoine-aoustois.fr\/?page_id=1702#primaryimage","url":"","contentUrl":""},{"@type":"BreadcrumbList","@id":"https:\/\/histoire-patrimoine-aoustois.fr\/?page_id=1702#breadcrumb","itemListElement":[{"@type":"ListItem","position":1,"name":"Accueil","item":"https:\/\/histoire-patrimoine-aoustois.fr\/"},{"@type":"ListItem","position":2,"name":"ANTIQUITES D&rsquo;AOUSTE"}]},{"@type":"WebSite","@id":"https:\/\/histoire-patrimoine-aoustois.fr\/#website","url":"https:\/\/histoire-patrimoine-aoustois.fr\/","name":"HISTOIRE PATRIMOINE AOUSTOIS","description":"","publisher":{"@id":"https:\/\/histoire-patrimoine-aoustois.fr\/#organization"},"potentialAction":[{"@type":"SearchAction","target":{"@type":"EntryPoint","urlTemplate":"https:\/\/histoire-patrimoine-aoustois.fr\/?s={search_term_string}"},"query-input":{"@type":"PropertyValueSpecification","valueRequired":true,"valueName":"search_term_string"}}],"inLanguage":"fr-FR"},{"@type":"Organization","@id":"https:\/\/histoire-patrimoine-aoustois.fr\/#organization","name":"histoire patrimoine aoustois","url":"https:\/\/histoire-patrimoine-aoustois.fr\/","logo":{"@type":"ImageObject","inLanguage":"fr-FR","@id":"https:\/\/histoire-patrimoine-aoustois.fr\/#\/schema\/logo\/image\/","url":"","contentUrl":"","caption":"histoire patrimoine aoustois"},"image":{"@id":"https:\/\/histoire-patrimoine-aoustois.fr\/#\/schema\/logo\/image\/"}}]}},"jetpack_sharing_enabled":true,"_links":{"self":[{"href":"https:\/\/histoire-patrimoine-aoustois.fr\/index.php?rest_route=\/wp\/v2\/pages\/1702","targetHints":{"allow":["GET"]}}],"collection":[{"href":"https:\/\/histoire-patrimoine-aoustois.fr\/index.php?rest_route=\/wp\/v2\/pages"}],"about":[{"href":"https:\/\/histoire-patrimoine-aoustois.fr\/index.php?rest_route=\/wp\/v2\/types\/page"}],"author":[{"embeddable":true,"href":"https:\/\/histoire-patrimoine-aoustois.fr\/index.php?rest_route=\/wp\/v2\/users\/1"}],"replies":[{"embeddable":true,"href":"https:\/\/histoire-patrimoine-aoustois.fr\/index.php?rest_route=%2Fwp%2Fv2%2Fcomments&post=1702"}],"version-history":[{"count":0,"href":"https:\/\/histoire-patrimoine-aoustois.fr\/index.php?rest_route=\/wp\/v2\/pages\/1702\/revisions"}],"wp:attachment":[{"href":"https:\/\/histoire-patrimoine-aoustois.fr\/index.php?rest_route=%2Fwp%2Fv2%2Fmedia&parent=1702"}],"curies":[{"name":"wp","href":"https:\/\/api.w.org\/{rel}","templated":true}]}}