{"id":1719,"date":"2022-01-28T05:32:27","date_gmt":"2022-01-28T05:32:27","guid":{"rendered":"https:\/\/histoire-patrimoine-aoustois.fr\/?page_id=1719"},"modified":"2022-03-24T05:25:18","modified_gmt":"2022-03-24T05:25:18","slug":"aouste-ancien-et-actuel","status":"publish","type":"page","link":"https:\/\/histoire-patrimoine-aoustois.fr\/?page_id=1719","title":{"rendered":"AOUSTE ANCIEN ET ACTUEL"},"content":{"rendered":"\n<p><\/p>\n\n\n\n<p><\/p>\n\n\n\n<div class=\"wp-block-image\"><figure class=\"aligncenter size-full\"><img decoding=\"async\" src=\"https:\/\/histoire-patrimoine-aoustois.fr\/wp-content\/uploads\/2022\/03\/logo-HPA-bandeau-mini-nouveau-site.jpg\" alt=\"\" class=\"wp-image-6486\"\/><\/figure><\/div>\n\n\n\n<p><\/p>\n\n\n\n<p class=\"has-text-align-center has-text-color\" style=\"color:#2101ff\"><br><img decoding=\"async\" src=\"https:\/\/static.neopse.com\/medias\/p\/523\/site\/7e\/d8\/a2\/7ed8a2503df13d73493403e7289a4dbc76dc697b.jpg?v=v1\" alt=\"\"><br><br><br><br><strong>UNE PROMENADE DANS LE TEMPS, HIER ET AUJOURD&rsquo;HUI &#8230;<\/strong><\/p>\n\n\n\n<p><br><\/p>\n\n\n\n<p><\/p>\n\n\n\n<p><\/p>\n\n\n\n<p class=\"has-text-color\" style=\"color:#0003f5\"><strong>Quelques documents qui nous montre l&rsquo;\u00e9volution d&rsquo;Aouste sur Sye depuis le XIXe si\u00e8cle !<\/strong><br><br><br><br><br><br><\/p>\n\n\n\n<div class=\"wp-block-image\"><figure class=\"aligncenter size-full\"><img fetchpriority=\"high\" decoding=\"async\" width=\"508\" height=\"334\" src=\"https:\/\/histoire-patrimoine-aoustois.fr\/wp-content\/uploads\/2022\/02\/derriere-leglise-1960.jpg\" alt=\"\" class=\"wp-image-2253\" srcset=\"https:\/\/histoire-patrimoine-aoustois.fr\/wp-content\/uploads\/2022\/02\/derriere-leglise-1960.jpg 508w, https:\/\/histoire-patrimoine-aoustois.fr\/wp-content\/uploads\/2022\/02\/derriere-leglise-1960-300x197.jpg 300w\" sizes=\"(max-width: 508px) 100vw, 508px\" \/><figcaption><strong>Derri\u00e8re l&rsquo;\u00e9glise en 1960<\/strong><\/figcaption><\/figure><\/div>\n\n\n\n<p><\/p>\n\n\n\n<div class=\"wp-block-image\"><figure class=\"aligncenter\"><img decoding=\"async\" src=\"https:\/\/static.neopse.com\/medias\/p\/523\/site\/f7\/32\/21\/f7322174a9889d18c86431006b77d3046d9cd880.jpg?v=v1\" alt=\"\"\/><figcaption><strong>En 2016<\/strong><\/figcaption><\/figure><\/div>\n\n\n\n<p class=\"has-text-align-center\"><br><br><br><br><strong>Les Ponts sur le Dr\u00f4me<\/strong><br><br><\/p>\n\n\n\n<div class=\"wp-block-image\"><figure class=\"aligncenter\"><img decoding=\"async\" src=\"https:\/\/static.neopse.com\/medias\/p\/523\/site\/05\/59\/7f\/05597f92d0e3e6bda527ae7ade1f04d50eb3008b.jpg?v=v1\" alt=\"\"\/><figcaption><strong>Vestige du pont romain (Bas Empire)<\/strong><\/figcaption><\/figure><\/div>\n\n\n\n<p><\/p>\n\n\n\n<p><\/p>\n\n\n\n<div class=\"wp-block-image\"><figure class=\"aligncenter\"><img decoding=\"async\" src=\"https:\/\/static.neopse.com\/medias\/p\/523\/site\/24\/f1\/ba\/24f1ba914549c8ec9a9105ba837934854f5390db.jpg?v=v1\" alt=\"\"\/><figcaption><strong>Pont roman du 14e s., d\u00e9truit en 1865<\/strong><\/figcaption><\/figure><\/div>\n\n\n\n<p><\/p>\n\n\n\n<div class=\"wp-block-image\"><figure class=\"aligncenter\"><img decoding=\"async\" src=\"https:\/\/static.neopse.com\/medias\/p\/523\/site\/0a\/b1\/a7\/0ab1a7a9fadfc649ad9318f7b253bc5952d57fc8.jpg?v=v1\" alt=\"\"\/><figcaption><strong>Le pont m\u00e9tallique rempla\u00e7ant le pont roman en 1930 et d\u00e9truit en 1940<\/strong><\/figcaption><\/figure><\/div>\n\n\n\n<p>&nbsp;&nbsp;&nbsp;&nbsp;&nbsp;&nbsp;&nbsp;&nbsp;&nbsp;&nbsp;&nbsp;&nbsp;&nbsp;&nbsp;&nbsp;&nbsp;&nbsp;&nbsp;&nbsp;&nbsp;&nbsp;&nbsp;&nbsp;&nbsp;&nbsp;&nbsp;&nbsp;&nbsp;&nbsp;&nbsp;&nbsp;&nbsp;&nbsp;&nbsp;&nbsp;<\/p>\n\n\n\n<div class=\"wp-block-image\"><figure class=\"aligncenter\"><img decoding=\"async\" src=\"https:\/\/static.neopse.com\/medias\/p\/523\/site\/72\/1f\/82\/721f82ec6de16bc86839c36285d6a23cbf0c97d4.jpg?v=v1\" alt=\"\"\/><figcaption><strong>Pont actuel reconstruit de 1941 \u00e0 1945<\/strong><\/figcaption><\/figure><\/div>\n\n\n\n<p><\/p>\n\n\n\n<p class=\"has-text-align-center\"><br><br><strong>Route de la Gare<\/strong><\/p>\n\n\n\n<p><\/p>\n\n\n\n<p><br><\/p>\n\n\n\n<div class=\"wp-block-image\"><figure class=\"aligncenter\"><img decoding=\"async\" src=\"https:\/\/static.neopse.com\/medias\/p\/523\/site\/ba\/b4\/f1\/bab4f1bbf5521c65f08012b165ec37c847f94832.jpg?v=v1\" alt=\"\"\/><figcaption><strong>Route de la gare en 1910<\/strong><\/figcaption><\/figure><\/div>\n\n\n\n<p><\/p>\n\n\n\n<div class=\"wp-block-image\"><figure class=\"aligncenter\"><img decoding=\"async\" src=\"https:\/\/static.neopse.com\/medias\/p\/523\/site\/31\/a6\/b1\/31a6b132e343b1b2ad479a87b9b1f79062126a27.jpg?v=v1\" alt=\"\"\/><figcaption><strong>En 2016<\/strong><\/figcaption><\/figure><\/div>\n\n\n\n<p><br><\/p>\n\n\n\n<p class=\"has-text-align-center\"><strong>Rue de la Croix<\/strong><\/p>\n\n\n\n<p><br><br><\/p>\n\n\n\n<div class=\"wp-block-image\"><figure class=\"aligncenter is-resized\"><img decoding=\"async\" src=\"https:\/\/static.neopse.com\/medias\/p\/523\/site\/f4\/ff\/38\/f4ff3859385446fa95682b76352a6d87f55ebd90.jpg?v=v1\" alt=\"\" width=\"545\" height=\"361\"\/><figcaption><strong>Rue de la croix en 1910<\/strong><\/figcaption><\/figure><\/div>\n\n\n\n<p><\/p>\n\n\n\n<p><\/p>\n\n\n\n<div class=\"wp-block-image\"><figure class=\"aligncenter\"><img decoding=\"async\" src=\"https:\/\/static.neopse.com\/medias\/p\/523\/site\/ef\/ab\/52\/efab523cbdfc477f12930bc292d0bbd6b7e0c4b1.jpg?v=v1\" alt=\"\"\/><figcaption><strong>Un alambic rue de la Croix en 1910<\/strong><\/figcaption><\/figure><\/div>\n\n\n\n<p><br><\/p>\n\n\n\n<div class=\"wp-block-image\"><figure class=\"aligncenter\"><img decoding=\"async\" src=\"https:\/\/static.neopse.com\/medias\/p\/523\/site\/f4\/d0\/02\/f4d002f41e1a5e6fcef6721cbe85e0f6405e849e.jpg?v=v1\" alt=\"\"\/><figcaption><strong>En 2016<\/strong><\/figcaption><\/figure><\/div>\n\n\n\n<p><\/p>\n\n\n\n<p><br><br><\/p>\n\n\n\n<p class=\"has-text-align-center\"><strong>La Grande Rue<\/strong><\/p>\n\n\n\n<p><br><\/p>\n\n\n\n<div class=\"wp-block-image\"><figure class=\"aligncenter\"><img decoding=\"async\" src=\"https:\/\/static.neopse.com\/medias\/p\/523\/site\/36\/f7\/6c\/36f76c0680b4d8da7c88ccb252a4be02161c4f8b.jpg?v=v1\" alt=\"\"\/><figcaption><strong>La Grande Rue en 1956<\/strong><\/figcaption><\/figure><\/div>\n\n\n\n<p><\/p>\n\n\n\n<p><\/p>\n\n\n\n<div class=\"wp-block-image\"><figure class=\"aligncenter is-resized\"><img decoding=\"async\" src=\"https:\/\/static.neopse.com\/medias\/p\/523\/site\/b8\/1d\/13\/b81d139c626c5d7673756ec2effed2a801fb351c.jpg?v=v1\" alt=\"\" width=\"516\" height=\"385\"\/><figcaption><strong>En 2016<\/strong><\/figcaption><\/figure><\/div>\n\n\n\n<p><\/p>\n\n\n\n<p><\/p>\n\n\n\n<div class=\"wp-block-image\"><figure class=\"aligncenter\"><img decoding=\"async\" src=\"https:\/\/static.neopse.com\/medias\/p\/523\/site\/5d\/1c\/ab\/5d1cabd18e5f83d480d5e4cc28376b40981f06a9.jpg?v=v1\" alt=\"\"\/><figcaption><strong>La Grande Rue cot\u00e9 Est en 1960<\/strong><\/figcaption><\/figure><\/div>\n\n\n\n<p><\/p>\n\n\n\n<p><\/p>\n\n\n\n<div class=\"wp-block-image\"><figure class=\"aligncenter\"><img decoding=\"async\" src=\"https:\/\/static.neopse.com\/medias\/p\/523\/site\/45\/7f\/55\/457f55a7cb0c040a8703531c36f314ae64d67150.jpg?v=v1\" alt=\"\"\/><figcaption><strong>En 2016<\/strong><\/figcaption><\/figure><\/div>\n\n\n\n<p><\/p>\n\n\n\n<p><\/p>\n\n\n\n<div class=\"wp-block-image\"><figure class=\"aligncenter\"><img decoding=\"async\" src=\"https:\/\/static.neopse.com\/medias\/p\/523\/site\/5f\/a8\/6c\/5fa86c1f7c55c13de5d05b4a5f26a81356dd2fec.jpg?v=v1\" alt=\"\"\/><figcaption><strong>Cot\u00e9 Ouest en 1910<\/strong><\/figcaption><\/figure><\/div>\n\n\n\n<p><\/p>\n\n\n\n<p><\/p>\n\n\n\n<div class=\"wp-block-image\"><figure class=\"aligncenter\"><img decoding=\"async\" src=\"https:\/\/static.neopse.com\/medias\/p\/523\/site\/fb\/25\/db\/fb25db4bd002c74075009a834558a7e4d45098e8.jpg?v=v1\" alt=\"\"\/><figcaption><strong>En 2016<\/strong><\/figcaption><\/figure><\/div>\n\n\n\n<p><\/p>\n\n\n\n<p><br><br><\/p>\n\n\n\n<p class=\"has-text-align-center\"><strong>Place de la Poste<\/strong><\/p>\n\n\n\n<p><\/p>\n\n\n\n<p><br><\/p>\n\n\n\n<div class=\"wp-block-image\"><figure class=\"aligncenter\"><img decoding=\"async\" src=\"https:\/\/static.neopse.com\/medias\/p\/523\/site\/51\/19\/05\/511905585b22cdff26971ecb7ddb28b63208ab82.jpg?v=v1\" alt=\"\"\/><figcaption><strong>En 1903<\/strong><\/figcaption><\/figure><\/div>\n\n\n\n<p><\/p>\n\n\n\n<p><\/p>\n\n\n\n<div class=\"wp-block-image\"><figure class=\"aligncenter\"><img decoding=\"async\" src=\"https:\/\/static.neopse.com\/medias\/p\/523\/site\/30\/66\/8d\/30668d4d29a9fff090e31e747b1d1d915f04ba9a.jpg?v=v1\" alt=\"\"\/><figcaption><strong>En 2016<\/strong><\/figcaption><\/figure><\/div>\n\n\n\n<p><\/p>\n\n\n\n<p><br><br>&nbsp;<\/p>\n","protected":false},"excerpt":{"rendered":"<p>UNE PROMENADE DANS LE TEMPS, HIER ET AUJOURD&rsquo;HUI &#8230; Quelques documents qui nous montre l&rsquo;\u00e9volution d&rsquo;Aouste sur Sye depuis le XIXe si\u00e8cle ! Les Ponts sur le Dr\u00f4me &nbsp;&nbsp;&nbsp;&nbsp;&nbsp;&nbsp;&nbsp;&nbsp;&nbsp;&nbsp;&nbsp;&nbsp;&nbsp;&nbsp;&nbsp;&nbsp;&nbsp;&nbsp;&nbsp;&nbsp;&nbsp;&nbsp;&nbsp;&nbsp;&nbsp;&nbsp;&nbsp;&nbsp;&nbsp;&nbsp;&nbsp;&nbsp;&nbsp;&nbsp;&nbsp; Route de la Gare Rue de la Croix La Grande Rue Place de la Poste &nbsp;<\/p>\n","protected":false},"author":1,"featured_media":0,"parent":0,"menu_order":0,"comment_status":"open","ping_status":"closed","template":"","meta":{"footnotes":""},"class_list":["post-1719","page","type-page","status-publish","hentry","entry"],"yoast_head":"<!-- This site is optimized with the Yoast SEO plugin v27.4 - https:\/\/yoast.com\/product\/yoast-seo-wordpress\/ -->\n<title>AOUSTE ANCIEN ET ACTUEL - HISTOIRE PATRIMOINE AOUSTOIS<\/title>\n<meta name=\"description\" content=\"Une promenade dans les rues d&#039;Aouste sur Se (26) au temps anciens et l&#039;aper\u00e7u aujourd&#039;hui...\" \/>\n<meta name=\"robots\" content=\"index, follow, max-snippet:-1, max-image-preview:large, max-video-preview:-1\" \/>\n<link rel=\"canonical\" href=\"https:\/\/histoire-patrimoine-aoustois.fr\/?page_id=1719\" \/>\n<meta property=\"og:locale\" content=\"fr_FR\" \/>\n<meta property=\"og:type\" content=\"article\" \/>\n<meta property=\"og:title\" content=\"AOUSTE ANCIEN ET ACTUEL - HISTOIRE PATRIMOINE AOUSTOIS\" \/>\n<meta property=\"og:description\" content=\"Une promenade dans les rues d&#039;Aouste sur Se (26) au temps anciens et l&#039;aper\u00e7u aujourd&#039;hui...\" \/>\n<meta property=\"og:url\" content=\"https:\/\/histoire-patrimoine-aoustois.fr\/?page_id=1719\" \/>\n<meta property=\"og:site_name\" content=\"HISTOIRE PATRIMOINE AOUSTOIS\" \/>\n<meta property=\"article:modified_time\" content=\"2022-03-24T05:25:18+00:00\" \/>\n<meta property=\"og:image\" content=\"https:\/\/histoire-patrimoine-aoustois.fr\/wp-content\/uploads\/2022\/03\/logo-HPA-bandeau-mini-nouveau-site.jpg\" \/>\n<meta name=\"twitter:card\" content=\"summary_large_image\" \/>\n<meta name=\"twitter:label1\" content=\"Dur\u00e9e de lecture estim\u00e9e\" \/>\n\t<meta name=\"twitter:data1\" content=\"5 minutes\" \/>\n<script type=\"application\/ld+json\" class=\"yoast-schema-graph\">{\"@context\":\"https:\\\/\\\/schema.org\",\"@graph\":[{\"@type\":\"WebPage\",\"@id\":\"https:\\\/\\\/histoire-patrimoine-aoustois.fr\\\/?page_id=1719\",\"url\":\"https:\\\/\\\/histoire-patrimoine-aoustois.fr\\\/?page_id=1719\",\"name\":\"AOUSTE ANCIEN ET ACTUEL - HISTOIRE PATRIMOINE AOUSTOIS\",\"isPartOf\":{\"@id\":\"https:\\\/\\\/histoire-patrimoine-aoustois.fr\\\/#website\"},\"primaryImageOfPage\":{\"@id\":\"https:\\\/\\\/histoire-patrimoine-aoustois.fr\\\/?page_id=1719#primaryimage\"},\"image\":{\"@id\":\"https:\\\/\\\/histoire-patrimoine-aoustois.fr\\\/?page_id=1719#primaryimage\"},\"thumbnailUrl\":\"https:\\\/\\\/histoire-patrimoine-aoustois.fr\\\/wp-content\\\/uploads\\\/2022\\\/03\\\/logo-HPA-bandeau-mini-nouveau-site.jpg\",\"datePublished\":\"2022-01-28T05:32:27+00:00\",\"dateModified\":\"2022-03-24T05:25:18+00:00\",\"description\":\"Une promenade dans les rues d'Aouste sur Se (26) au temps anciens et l'aper\u00e7u aujourd'hui...\",\"breadcrumb\":{\"@id\":\"https:\\\/\\\/histoire-patrimoine-aoustois.fr\\\/?page_id=1719#breadcrumb\"},\"inLanguage\":\"fr-FR\",\"potentialAction\":[{\"@type\":\"ReadAction\",\"target\":[\"https:\\\/\\\/histoire-patrimoine-aoustois.fr\\\/?page_id=1719\"]}]},{\"@type\":\"ImageObject\",\"inLanguage\":\"fr-FR\",\"@id\":\"https:\\\/\\\/histoire-patrimoine-aoustois.fr\\\/?page_id=1719#primaryimage\",\"url\":\"\",\"contentUrl\":\"\"},{\"@type\":\"BreadcrumbList\",\"@id\":\"https:\\\/\\\/histoire-patrimoine-aoustois.fr\\\/?page_id=1719#breadcrumb\",\"itemListElement\":[{\"@type\":\"ListItem\",\"position\":1,\"name\":\"Accueil\",\"item\":\"https:\\\/\\\/histoire-patrimoine-aoustois.fr\\\/\"},{\"@type\":\"ListItem\",\"position\":2,\"name\":\"AOUSTE ANCIEN ET ACTUEL\"}]},{\"@type\":\"WebSite\",\"@id\":\"https:\\\/\\\/histoire-patrimoine-aoustois.fr\\\/#website\",\"url\":\"https:\\\/\\\/histoire-patrimoine-aoustois.fr\\\/\",\"name\":\"HISTOIRE PATRIMOINE AOUSTOIS\",\"description\":\"\",\"publisher\":{\"@id\":\"https:\\\/\\\/histoire-patrimoine-aoustois.fr\\\/#organization\"},\"potentialAction\":[{\"@type\":\"SearchAction\",\"target\":{\"@type\":\"EntryPoint\",\"urlTemplate\":\"https:\\\/\\\/histoire-patrimoine-aoustois.fr\\\/?s={search_term_string}\"},\"query-input\":{\"@type\":\"PropertyValueSpecification\",\"valueRequired\":true,\"valueName\":\"search_term_string\"}}],\"inLanguage\":\"fr-FR\"},{\"@type\":\"Organization\",\"@id\":\"https:\\\/\\\/histoire-patrimoine-aoustois.fr\\\/#organization\",\"name\":\"histoire patrimoine aoustois\",\"url\":\"https:\\\/\\\/histoire-patrimoine-aoustois.fr\\\/\",\"logo\":{\"@type\":\"ImageObject\",\"inLanguage\":\"fr-FR\",\"@id\":\"https:\\\/\\\/histoire-patrimoine-aoustois.fr\\\/#\\\/schema\\\/logo\\\/image\\\/\",\"url\":\"\",\"contentUrl\":\"\",\"caption\":\"histoire patrimoine aoustois\"},\"image\":{\"@id\":\"https:\\\/\\\/histoire-patrimoine-aoustois.fr\\\/#\\\/schema\\\/logo\\\/image\\\/\"}}]}<\/script>\n<!-- \/ Yoast SEO plugin. -->","yoast_head_json":{"title":"AOUSTE ANCIEN ET ACTUEL - HISTOIRE PATRIMOINE AOUSTOIS","description":"Une promenade dans les rues d'Aouste sur Se (26) au temps anciens et l'aper\u00e7u aujourd'hui...","robots":{"index":"index","follow":"follow","max-snippet":"max-snippet:-1","max-image-preview":"max-image-preview:large","max-video-preview":"max-video-preview:-1"},"canonical":"https:\/\/histoire-patrimoine-aoustois.fr\/?page_id=1719","og_locale":"fr_FR","og_type":"article","og_title":"AOUSTE ANCIEN ET ACTUEL - HISTOIRE PATRIMOINE AOUSTOIS","og_description":"Une promenade dans les rues d'Aouste sur Se (26) au temps anciens et l'aper\u00e7u aujourd'hui...","og_url":"https:\/\/histoire-patrimoine-aoustois.fr\/?page_id=1719","og_site_name":"HISTOIRE PATRIMOINE AOUSTOIS","article_modified_time":"2022-03-24T05:25:18+00:00","og_image":[{"url":"https:\/\/histoire-patrimoine-aoustois.fr\/wp-content\/uploads\/2022\/03\/logo-HPA-bandeau-mini-nouveau-site.jpg","type":"","width":"","height":""}],"twitter_card":"summary_large_image","twitter_misc":{"Dur\u00e9e de lecture estim\u00e9e":"5 minutes"},"schema":{"@context":"https:\/\/schema.org","@graph":[{"@type":"WebPage","@id":"https:\/\/histoire-patrimoine-aoustois.fr\/?page_id=1719","url":"https:\/\/histoire-patrimoine-aoustois.fr\/?page_id=1719","name":"AOUSTE ANCIEN ET ACTUEL - HISTOIRE PATRIMOINE AOUSTOIS","isPartOf":{"@id":"https:\/\/histoire-patrimoine-aoustois.fr\/#website"},"primaryImageOfPage":{"@id":"https:\/\/histoire-patrimoine-aoustois.fr\/?page_id=1719#primaryimage"},"image":{"@id":"https:\/\/histoire-patrimoine-aoustois.fr\/?page_id=1719#primaryimage"},"thumbnailUrl":"https:\/\/histoire-patrimoine-aoustois.fr\/wp-content\/uploads\/2022\/03\/logo-HPA-bandeau-mini-nouveau-site.jpg","datePublished":"2022-01-28T05:32:27+00:00","dateModified":"2022-03-24T05:25:18+00:00","description":"Une promenade dans les rues d'Aouste sur Se (26) au temps anciens et l'aper\u00e7u aujourd'hui...","breadcrumb":{"@id":"https:\/\/histoire-patrimoine-aoustois.fr\/?page_id=1719#breadcrumb"},"inLanguage":"fr-FR","potentialAction":[{"@type":"ReadAction","target":["https:\/\/histoire-patrimoine-aoustois.fr\/?page_id=1719"]}]},{"@type":"ImageObject","inLanguage":"fr-FR","@id":"https:\/\/histoire-patrimoine-aoustois.fr\/?page_id=1719#primaryimage","url":"","contentUrl":""},{"@type":"BreadcrumbList","@id":"https:\/\/histoire-patrimoine-aoustois.fr\/?page_id=1719#breadcrumb","itemListElement":[{"@type":"ListItem","position":1,"name":"Accueil","item":"https:\/\/histoire-patrimoine-aoustois.fr\/"},{"@type":"ListItem","position":2,"name":"AOUSTE ANCIEN ET ACTUEL"}]},{"@type":"WebSite","@id":"https:\/\/histoire-patrimoine-aoustois.fr\/#website","url":"https:\/\/histoire-patrimoine-aoustois.fr\/","name":"HISTOIRE PATRIMOINE AOUSTOIS","description":"","publisher":{"@id":"https:\/\/histoire-patrimoine-aoustois.fr\/#organization"},"potentialAction":[{"@type":"SearchAction","target":{"@type":"EntryPoint","urlTemplate":"https:\/\/histoire-patrimoine-aoustois.fr\/?s={search_term_string}"},"query-input":{"@type":"PropertyValueSpecification","valueRequired":true,"valueName":"search_term_string"}}],"inLanguage":"fr-FR"},{"@type":"Organization","@id":"https:\/\/histoire-patrimoine-aoustois.fr\/#organization","name":"histoire patrimoine aoustois","url":"https:\/\/histoire-patrimoine-aoustois.fr\/","logo":{"@type":"ImageObject","inLanguage":"fr-FR","@id":"https:\/\/histoire-patrimoine-aoustois.fr\/#\/schema\/logo\/image\/","url":"","contentUrl":"","caption":"histoire patrimoine aoustois"},"image":{"@id":"https:\/\/histoire-patrimoine-aoustois.fr\/#\/schema\/logo\/image\/"}}]}},"jetpack_sharing_enabled":true,"_links":{"self":[{"href":"https:\/\/histoire-patrimoine-aoustois.fr\/index.php?rest_route=\/wp\/v2\/pages\/1719","targetHints":{"allow":["GET"]}}],"collection":[{"href":"https:\/\/histoire-patrimoine-aoustois.fr\/index.php?rest_route=\/wp\/v2\/pages"}],"about":[{"href":"https:\/\/histoire-patrimoine-aoustois.fr\/index.php?rest_route=\/wp\/v2\/types\/page"}],"author":[{"embeddable":true,"href":"https:\/\/histoire-patrimoine-aoustois.fr\/index.php?rest_route=\/wp\/v2\/users\/1"}],"replies":[{"embeddable":true,"href":"https:\/\/histoire-patrimoine-aoustois.fr\/index.php?rest_route=%2Fwp%2Fv2%2Fcomments&post=1719"}],"version-history":[{"count":0,"href":"https:\/\/histoire-patrimoine-aoustois.fr\/index.php?rest_route=\/wp\/v2\/pages\/1719\/revisions"}],"wp:attachment":[{"href":"https:\/\/histoire-patrimoine-aoustois.fr\/index.php?rest_route=%2Fwp%2Fv2%2Fmedia&parent=1719"}],"curies":[{"name":"wp","href":"https:\/\/api.w.org\/{rel}","templated":true}]}}