{"id":1724,"date":"2022-01-28T05:32:27","date_gmt":"2022-01-28T05:32:27","guid":{"rendered":"https:\/\/histoire-patrimoine-aoustois.fr\/?page_id=1724"},"modified":"2022-03-13T09:13:41","modified_gmt":"2022-03-13T09:13:41","slug":"annee-2021","status":"publish","type":"page","link":"https:\/\/histoire-patrimoine-aoustois.fr\/?page_id=1724","title":{"rendered":"ANNEE 2021"},"content":{"rendered":"\n<p><br><\/p>\n\n\n\n<div class=\"wp-block-image\"><figure class=\"aligncenter size-full\"><img decoding=\"async\" src=\"https:\/\/histoire-patrimoine-aoustois.fr\/wp-content\/uploads\/2022\/03\/logo-HPA-bandeau-mini-nouveau-site.jpg\" alt=\"\" class=\"wp-image-6486\"\/><\/figure><\/div>\n\n\n\n<p><br><br><\/p>\n\n\n\n<p class=\"has-text-align-center\"><strong>ARCHIVES &#8211; ANNEE 2021<\/strong><\/p>\n\n\n\n<p><\/p>\n\n\n\n<p class=\"has-text-align-left\"><br><br><br><\/p>\n\n\n\n<div class=\"wp-block-image\"><figure class=\"aligncenter size-full\"><img fetchpriority=\"high\" decoding=\"async\" width=\"589\" height=\"442\" src=\"https:\/\/histoire-patrimoine-aoustois.fr\/wp-content\/uploads\/2022\/03\/barrage-vanne-rue-remparts-1.jpg\" alt=\"\" class=\"wp-image-6402\" srcset=\"https:\/\/histoire-patrimoine-aoustois.fr\/wp-content\/uploads\/2022\/03\/barrage-vanne-rue-remparts-1.jpg 589w, https:\/\/histoire-patrimoine-aoustois.fr\/wp-content\/uploads\/2022\/03\/barrage-vanne-rue-remparts-1-300x225.jpg 300w\" sizes=\"(max-width: 589px) 100vw, 589px\" \/><\/figure><\/div>\n\n\n\n<p><br><br><\/p>\n\n\n\n<ul class=\"wp-block-list\"><li><strong>F\u00e9vrier <\/strong>: <em><a href=\"https:\/\/histoire-patrimoine-aoustois.fr\/?p=4998\" target=\"_blank\" rel=\"noreferrer noopener\">Une d\u00e9couverte arch\u00e9ologique tr\u00e8s rare \u00e0 Crest<\/a> (Chroniques dr\u00f4moises)<\/em><\/li><\/ul>\n\n\n\n<ul class=\"wp-block-list\"><li><strong>Mars : <\/strong><em><a href=\"https:\/\/histoire-patrimoine-aoustois.fr\/?p=5003\" target=\"_blank\" rel=\"noreferrer noopener\">Le loup de Saint Vincent<\/a> (Chroniques dr\u00f4moises)<\/em><\/li><li><em><a href=\"https:\/\/histoire-patrimoine-aoustois.fr\/?p=5006\" target=\"_blank\" rel=\"noreferrer noopener\">Un prieur luxurieux victime de filous<\/a> (Chroniques dr\u00f4moises)<\/em><\/li><li><em><a href=\"https:\/\/histoire-patrimoine-aoustois.fr\/?p=5014\" target=\"_blank\" rel=\"noreferrer noopener\">Un proph\u00e8te de six ans \u00e0 Espeluche<\/a> (Chroniques dr\u00f4moises)<\/em><\/li><li><em><a href=\"https:\/\/histoire-patrimoine-aoustois.fr\/?p=5008\" target=\"_blank\" rel=\"noreferrer noopener\">Barth\u00e9lemy de Laffemas<\/a> (Chroniques dr\u00f4moises)<\/em><\/li><li><em><a href=\"https:\/\/histoire-patrimoine-aoustois.fr\/?p=5594\" target=\"_blank\" rel=\"noreferrer noopener\">Janvier 2020, l\u2019INRAP se penche sur le pass\u00e9 d\u2019Aouste<\/a> (Chroniques Aoustoises)<\/em><\/li><li><em><a href=\"https:\/\/histoire-patrimoine-aoustois.fr\/?p=5384\" target=\"_blank\" rel=\"noreferrer noopener\">L&rsquo;horloge publique d&rsquo;Aouste sur Sye<\/a>  (Chroniques Aoustoises)<\/em><\/li><li><em><a href=\"https:\/\/histoire-patrimoine-aoustois.fr\/?p=5386\" target=\"_blank\" rel=\"noreferrer noopener\">Eglises et cimeti\u00e8res d&rsquo;Aouste sur Sye<\/a> (Chroniques Aoustoises)<\/em><\/li><\/ul>\n\n\n\n<ul class=\"wp-block-list\"><li><strong>Avril :<\/strong><em> <a href=\"https:\/\/histoire-patrimoine-aoustois.fr\/?p=5467\" target=\"_blank\" rel=\"noreferrer noopener\">Messe en m\u00e9moire de Louis XVI&nbsp; \u00e0 Aouste en 1819<\/a> (Chroniques Aoustoises)<\/em><\/li><li><em><a href=\"https:\/\/histoire-patrimoine-aoustois.fr\/?p=5010\" target=\"_blank\" rel=\"noreferrer noopener\">Le carnaval de Romans en 1580<\/a> (Chroniques dr\u00f4moises)<\/em><\/li><li><em><a href=\"https:\/\/histoire-patrimoine-aoustois.fr\/?p=5012\" target=\"_blank\" rel=\"noreferrer noopener\">Le picodon de ma m\u00e8re<\/a> (Chroniques dr\u00f4moises)<\/em><\/li><li><em><a href=\"https:\/\/histoire-patrimoine-aoustois.fr\/?p=5017\" target=\"_blank\" rel=\"noreferrer noopener\">La Guerre des Episcopaux<\/a> (Chroniques dr\u00f4moises)<\/em><\/li><li><em><a href=\"https:\/\/histoire-patrimoine-aoustois.fr\/?p=5019\" target=\"_blank\" rel=\"noreferrer noopener\">Chanson en patois de Beaufort<\/a> (Chroniques dr\u00f4moises)<\/em><\/li><li><em><a href=\"https:\/\/histoire-patrimoine-aoustois.fr\/?p=5021\" target=\"_blank\" rel=\"noreferrer noopener\">La tour Jacquemart de Romans<\/a> (Chroniques dr\u00f4moises)<\/em><\/li><li><em><a href=\"https:\/\/histoire-patrimoine-aoustois.fr\/?p=5024\" target=\"_blank\" rel=\"noreferrer noopener\">La chaussure \u00e0 Romans<\/a> (Chroniques dr\u00f4moises)<\/em><\/li><li><em><a href=\"https:\/\/histoire-patrimoine-aoustois.fr\/?p=5469\" target=\"_blank\" rel=\"noreferrer noopener\">C\u00e9r\u00e9monie de la f\u00eate du roi Louis-Philippe en 1835<\/a> (Chroniques Aoustoises)<\/em><\/li><li><em><a href=\"https:\/\/histoire-patrimoine-aoustois.fr\/?p=5471\" target=\"_blank\" rel=\"noreferrer noopener\">Les conscrits d&rsquo;Aouste de l&rsquo;An XI<\/a> (Chroniques Aoustoises)<\/em><\/li><li><em><a href=\"https:\/\/histoire-patrimoine-aoustois.fr\/?p=5474\" target=\"_blank\" rel=\"noreferrer noopener\">Incident sur la voie publique \u00e0 Aouste en 1832<\/a> (Chroniques Aoustoises)<\/em><\/li><li><em><a href=\"https:\/\/histoire-patrimoine-aoustois.fr\/?p=5057\" target=\"_blank\" rel=\"noreferrer noopener\">Paul-Louis Simond<\/a> (Chroniques dr\u00f4moises)<\/em><\/li><\/ul>\n\n\n\n<p><\/p>\n\n\n\n<ul class=\"wp-block-list\"><li><strong>Mai : <\/strong><em><a href=\"https:\/\/histoire-patrimoine-aoustois.fr\/?p=5476\" target=\"_blank\" rel=\"noreferrer noopener\">Le serment r\u00e9volutionnaire du cur\u00e9 d\u2019Aouste en 1802<\/a> (Chroniques Aoustoises)<\/em><\/li><\/ul>\n\n\n\n<p><\/p>\n\n\n\n<ul class=\"wp-block-list\"><li><strong>Juin <\/strong><em>: <a href=\"https:\/\/histoire-patrimoine-aoustois.fr\/?p=5059\" target=\"_blank\" rel=\"noreferrer noopener\">Le Valentinois et le Diois pendant les guerres de religion <\/a>(Chroniques dr\u00f4moises)<\/em><\/li><li><em>&nbsp;<a href=\"https:\/\/histoire-patrimoine-aoustois.fr\/?p=5478\" target=\"_blank\" rel=\"noreferrer noopener\">Quelques personnalit\u00e9s li\u00e9es \u00e0 Aouste sur Sye<\/a>&nbsp; (Chroniques Aoustoises)<\/em><\/li><li><em><a href=\"https:\/\/histoire-patrimoine-aoustois.fr\/?p=5954\" target=\"_blank\" rel=\"noreferrer noopener\">&nbsp;Une page d&rsquo;histoire de la province de Dauphin\u00e9 en 1628&nbsp;<\/a> (Chroniques dr\u00f4moises<\/em>)<\/li><li><em><a href=\"https:\/\/histoire-patrimoine-aoustois.fr\/?p=5066\" target=\"_blank\" rel=\"noreferrer noopener\">Le si\u00e8ge de Livron en 1574<\/a>&nbsp; (Chroniques dr\u00f4moises)<\/em><\/li><li><em><a href=\"https:\/\/histoire-patrimoine-aoustois.fr\/?p=5068\" target=\"_blank\" rel=\"noreferrer noopener\">Jugement \u00e0 Romans en 1580 ..<\/a>.&nbsp; (Chroniques dr\u00f4moises)<\/em><\/li><li><em><a href=\"https:\/\/histoire-patrimoine-aoustois.fr\/?p=5071\" target=\"_blank\" rel=\"noreferrer noopener\">L&rsquo;industrie dr\u00f4moise au XIXe si\u00e8cle<\/a>&nbsp; (Chroniques dr\u00f4moises)<\/em><\/li><li><em><a href=\"https:\/\/histoire-patrimoine-aoustois.fr\/?p=5088\" target=\"_blank\" rel=\"noreferrer noopener\">Le canal des Berthalais&nbsp;<\/a> (Chroniques dr\u00f4moises)<\/em><\/li><li><em><a href=\"https:\/\/histoire-patrimoine-aoustois.fr\/?p=5099\" target=\"_blank\" rel=\"noreferrer noopener\">Le canal de Blacons<\/a>&nbsp; (Chroniques dr\u00f4moises)<\/em><\/li><li><em><a href=\"https:\/\/histoire-patrimoine-aoustois.fr\/?p=5481\" target=\"_blank\" rel=\"noreferrer noopener\">Le canal de Gervanne et Aouste<\/a>&nbsp; (Chroniques Aoustoises)<\/em><\/li><li><em><a href=\"https:\/\/histoire-patrimoine-aoustois.fr\/?p=5483\" target=\"_blank\" rel=\"noreferrer noopener\">Antoine Brun formaire en 1837<\/a>&nbsp; (Chroniques Aoustoises)<\/em><\/li><\/ul>\n\n\n\n<p><\/p>\n\n\n\n<ul class=\"wp-block-list\"><li><strong>Juillet :<\/strong><em> <a href=\"https:\/\/histoire-patrimoine-aoustois.fr\/?p=5095\" target=\"_blank\" rel=\"noreferrer noopener\">Le canal de Soubeyran&nbsp;<\/a> (Chroniques dr\u00f4moises)<\/em><\/li><li><em><a href=\"https:\/\/histoire-patrimoine-aoustois.fr\/?p=5177\" target=\"_blank\" rel=\"noreferrer noopener\">Histoire de la papeterie Latune<\/a><\/em>&nbsp; (Chroniques dr\u00f4moises)<\/li><li><a href=\"https:\/\/histoire-patrimoine-aoustois.fr\/?p=5141\" target=\"_blank\" rel=\"noreferrer noopener\"><em>Les Papeteries Latune<\/em>&nbsp;<\/a> (Chroniques dr\u00f4moises)<\/li><li><em><a href=\"https:\/\/histoire-patrimoine-aoustois.fr\/?p=5486\" target=\"_blank\" rel=\"noreferrer noopener\">Des pasteurs d&rsquo;Aouste sur Sye<\/a><\/em>&nbsp; (Chroniques Aoustoises)<\/li><\/ul>\n\n\n\n<p><\/p>\n\n\n\n<ul class=\"wp-block-list\"><li><strong>&nbsp;Ao\u00fbt<\/strong> : <em><a href=\"https:\/\/histoire-patrimoine-aoustois.fr\/?p=5102\" target=\"_blank\" rel=\"noreferrer noopener\">Arrestation de Charles Dupuy-Montbrun<\/a> <\/em>(Chroniques dr\u00f4moises) <\/li><li>&nbsp; <em><a href=\"https:\/\/histoire-patrimoine-aoustois.fr\/?p=5498\" target=\"_blank\" rel=\"noreferrer noopener\">La d\u00e9molition des remparts d&rsquo;Aouste en 1626<\/a><\/em> (Chroniques Aoustoises)<\/li><li><a href=\"https:\/\/histoire-patrimoine-aoustois.fr\/?p=5126\" target=\"_blank\" rel=\"noreferrer noopener\"><em>La Gervanne et la Sye<\/em>&nbsp;<\/a> (Chroniques dr\u00f4moises)<\/li><li><em> <a href=\"https:\/\/histoire-patrimoine-aoustois.fr\/?p=5591\" target=\"_blank\" rel=\"noreferrer noopener\">L&rsquo;enqu\u00e8te de 1788 \u00e0 Aouste sur Sye&nbsp;<\/a><\/em> (Chroniques Aoustoises)<\/li><\/ul>\n\n\n\n<p><\/p>\n\n\n\n<ul class=\"wp-block-list\"><li><strong>Septembre<\/strong> :<em> <a href=\"https:\/\/histoire-patrimoine-aoustois.fr\/?p=5594\" target=\"_blank\" rel=\"noreferrer noopener\">Les sondages de l&rsquo;INRAP de janvier 2020<\/a><\/em>&nbsp; (Chroniques Aoustoises)<\/li><li> <em><a href=\"https:\/\/histoire-patrimoine-aoustois.fr\/?page_id=1697\/18letemple#lespasteursayant offici\u00e9aaoustesursye\" target=\"_blank\" rel=\"noreferrer noopener\">Les pasteurs ayant offici\u00e9 \u00e0 Aouste sur Sye<\/a>&nbsp;<\/em> (Parcours historique P 18)<\/li><li><em><a href=\"https:\/\/histoire-patrimoine-aoustois.fr\/?p=5604\" target=\"_blank\" rel=\"noreferrer noopener\">Aspects de l&rsquo;immigration \u00e0 Aouste 1888-1939&nbsp;<\/a><\/em> (Chroniques Aoustoises)<\/li><\/ul>\n\n\n\n<p><\/p>\n\n\n\n<ul class=\"wp-block-list\"><li><strong>Novembre<\/strong> : <em><a href=\"https:\/\/histoire-patrimoine-aoustois.fr\/?p=5608\" target=\"_blank\" rel=\"noreferrer noopener\">Un si\u00e8cle de f\u00eates \u00e0 Aouste<\/a><\/em><\/li><li><em><a href=\"https:\/\/histoire-patrimoine-aoustois.fr\/?p=5200\" target=\"_blank\" rel=\"noreferrer noopener\">La fabrication des cartes \u00e0 jouer \u00e0 Romans<\/a>&nbsp;<\/em> (Chroniques dr\u00f4moises)<\/li><li><em><a href=\"https:\/\/histoire-patrimoine-aoustois.fr\/?p=5620\" target=\"_blank\" rel=\"noreferrer noopener\">Centenaire de l&rsquo;inauguration des monuments aux morts<\/a><\/em>&nbsp; (Chroniques Aoustoises)<\/li><\/ul>\n\n\n\n<p><\/p>\n\n\n\n<ul class=\"wp-block-list\"><li><strong>D\u00e9cembre <\/strong><em>: <a href=\"https:\/\/histoire-patrimoine-aoustois.fr\/?p=5622\" target=\"_blank\" rel=\"noreferrer noopener\">Aouste sur Sye, village des fresques <\/a><\/em>(Chroniques Aoustoises)<\/li><\/ul>\n","protected":false},"excerpt":{"rendered":"<p>ARCHIVES &#8211; ANNEE 2021 F\u00e9vrier : Une d\u00e9couverte arch\u00e9ologique tr\u00e8s rare \u00e0 Crest (Chroniques dr\u00f4moises) Mars : Le loup de Saint Vincent (Chroniques dr\u00f4moises) Un prieur luxurieux victime de filous (Chroniques dr\u00f4moises) Un proph\u00e8te de six ans \u00e0 Espeluche (Chroniques dr\u00f4moises) Barth\u00e9lemy de Laffemas (Chroniques dr\u00f4moises) Janvier 2020, l\u2019INRAP se penche sur le pass\u00e9 d\u2019Aouste [&hellip;]<\/p>\n","protected":false},"author":1,"featured_media":0,"parent":0,"menu_order":0,"comment_status":"closed","ping_status":"closed","template":"","meta":{"footnotes":""},"class_list":["post-1724","page","type-page","status-publish","hentry","entry"],"yoast_head":"<!-- This site is optimized with the Yoast SEO plugin v27.4 - https:\/\/yoast.com\/product\/yoast-seo-wordpress\/ -->\n<title>ANNEE 2021 - HISTOIRE PATRIMOINE AOUSTOIS<\/title>\n<meta name=\"description\" content=\"Articles mis en ligne en 2021 par l&#039;association histoire patrimoine aoustois.\" \/>\n<meta name=\"robots\" content=\"index, follow, max-snippet:-1, max-image-preview:large, max-video-preview:-1\" \/>\n<link rel=\"canonical\" href=\"https:\/\/histoire-patrimoine-aoustois.fr\/?page_id=1724\" \/>\n<meta property=\"og:locale\" content=\"fr_FR\" \/>\n<meta property=\"og:type\" content=\"article\" \/>\n<meta property=\"og:title\" content=\"ANNEE 2021 - HISTOIRE PATRIMOINE AOUSTOIS\" \/>\n<meta property=\"og:description\" content=\"Articles mis en ligne en 2021 par l&#039;association histoire patrimoine aoustois.\" \/>\n<meta property=\"og:url\" content=\"https:\/\/histoire-patrimoine-aoustois.fr\/?page_id=1724\" \/>\n<meta property=\"og:site_name\" content=\"HISTOIRE PATRIMOINE AOUSTOIS\" \/>\n<meta property=\"article:modified_time\" content=\"2022-03-13T09:13:41+00:00\" \/>\n<meta property=\"og:image\" content=\"https:\/\/histoire-patrimoine-aoustois.fr\/wp-content\/uploads\/2022\/03\/logo-HPA-bandeau-mini-nouveau-site.jpg\" \/>\n<meta name=\"twitter:card\" content=\"summary_large_image\" \/>\n<meta name=\"twitter:label1\" content=\"Dur\u00e9e de lecture estim\u00e9e\" \/>\n\t<meta name=\"twitter:data1\" content=\"3 minutes\" \/>\n<script type=\"application\/ld+json\" class=\"yoast-schema-graph\">{\"@context\":\"https:\\\/\\\/schema.org\",\"@graph\":[{\"@type\":\"WebPage\",\"@id\":\"https:\\\/\\\/histoire-patrimoine-aoustois.fr\\\/?page_id=1724\",\"url\":\"https:\\\/\\\/histoire-patrimoine-aoustois.fr\\\/?page_id=1724\",\"name\":\"ANNEE 2021 - HISTOIRE PATRIMOINE AOUSTOIS\",\"isPartOf\":{\"@id\":\"https:\\\/\\\/histoire-patrimoine-aoustois.fr\\\/#website\"},\"primaryImageOfPage\":{\"@id\":\"https:\\\/\\\/histoire-patrimoine-aoustois.fr\\\/?page_id=1724#primaryimage\"},\"image\":{\"@id\":\"https:\\\/\\\/histoire-patrimoine-aoustois.fr\\\/?page_id=1724#primaryimage\"},\"thumbnailUrl\":\"https:\\\/\\\/histoire-patrimoine-aoustois.fr\\\/wp-content\\\/uploads\\\/2022\\\/03\\\/logo-HPA-bandeau-mini-nouveau-site.jpg\",\"datePublished\":\"2022-01-28T05:32:27+00:00\",\"dateModified\":\"2022-03-13T09:13:41+00:00\",\"description\":\"Articles mis en ligne en 2021 par l'association histoire patrimoine aoustois.\",\"breadcrumb\":{\"@id\":\"https:\\\/\\\/histoire-patrimoine-aoustois.fr\\\/?page_id=1724#breadcrumb\"},\"inLanguage\":\"fr-FR\",\"potentialAction\":[{\"@type\":\"ReadAction\",\"target\":[\"https:\\\/\\\/histoire-patrimoine-aoustois.fr\\\/?page_id=1724\"]}]},{\"@type\":\"ImageObject\",\"inLanguage\":\"fr-FR\",\"@id\":\"https:\\\/\\\/histoire-patrimoine-aoustois.fr\\\/?page_id=1724#primaryimage\",\"url\":\"\",\"contentUrl\":\"\"},{\"@type\":\"BreadcrumbList\",\"@id\":\"https:\\\/\\\/histoire-patrimoine-aoustois.fr\\\/?page_id=1724#breadcrumb\",\"itemListElement\":[{\"@type\":\"ListItem\",\"position\":1,\"name\":\"Accueil\",\"item\":\"https:\\\/\\\/histoire-patrimoine-aoustois.fr\\\/\"},{\"@type\":\"ListItem\",\"position\":2,\"name\":\"ANNEE 2021\"}]},{\"@type\":\"WebSite\",\"@id\":\"https:\\\/\\\/histoire-patrimoine-aoustois.fr\\\/#website\",\"url\":\"https:\\\/\\\/histoire-patrimoine-aoustois.fr\\\/\",\"name\":\"HISTOIRE PATRIMOINE AOUSTOIS\",\"description\":\"\",\"publisher\":{\"@id\":\"https:\\\/\\\/histoire-patrimoine-aoustois.fr\\\/#organization\"},\"potentialAction\":[{\"@type\":\"SearchAction\",\"target\":{\"@type\":\"EntryPoint\",\"urlTemplate\":\"https:\\\/\\\/histoire-patrimoine-aoustois.fr\\\/?s={search_term_string}\"},\"query-input\":{\"@type\":\"PropertyValueSpecification\",\"valueRequired\":true,\"valueName\":\"search_term_string\"}}],\"inLanguage\":\"fr-FR\"},{\"@type\":\"Organization\",\"@id\":\"https:\\\/\\\/histoire-patrimoine-aoustois.fr\\\/#organization\",\"name\":\"histoire patrimoine aoustois\",\"url\":\"https:\\\/\\\/histoire-patrimoine-aoustois.fr\\\/\",\"logo\":{\"@type\":\"ImageObject\",\"inLanguage\":\"fr-FR\",\"@id\":\"https:\\\/\\\/histoire-patrimoine-aoustois.fr\\\/#\\\/schema\\\/logo\\\/image\\\/\",\"url\":\"\",\"contentUrl\":\"\",\"caption\":\"histoire patrimoine aoustois\"},\"image\":{\"@id\":\"https:\\\/\\\/histoire-patrimoine-aoustois.fr\\\/#\\\/schema\\\/logo\\\/image\\\/\"}}]}<\/script>\n<!-- \/ Yoast SEO plugin. -->","yoast_head_json":{"title":"ANNEE 2021 - HISTOIRE PATRIMOINE AOUSTOIS","description":"Articles mis en ligne en 2021 par l'association histoire patrimoine aoustois.","robots":{"index":"index","follow":"follow","max-snippet":"max-snippet:-1","max-image-preview":"max-image-preview:large","max-video-preview":"max-video-preview:-1"},"canonical":"https:\/\/histoire-patrimoine-aoustois.fr\/?page_id=1724","og_locale":"fr_FR","og_type":"article","og_title":"ANNEE 2021 - HISTOIRE PATRIMOINE AOUSTOIS","og_description":"Articles mis en ligne en 2021 par l'association histoire patrimoine aoustois.","og_url":"https:\/\/histoire-patrimoine-aoustois.fr\/?page_id=1724","og_site_name":"HISTOIRE PATRIMOINE AOUSTOIS","article_modified_time":"2022-03-13T09:13:41+00:00","og_image":[{"url":"https:\/\/histoire-patrimoine-aoustois.fr\/wp-content\/uploads\/2022\/03\/logo-HPA-bandeau-mini-nouveau-site.jpg","type":"","width":"","height":""}],"twitter_card":"summary_large_image","twitter_misc":{"Dur\u00e9e de lecture estim\u00e9e":"3 minutes"},"schema":{"@context":"https:\/\/schema.org","@graph":[{"@type":"WebPage","@id":"https:\/\/histoire-patrimoine-aoustois.fr\/?page_id=1724","url":"https:\/\/histoire-patrimoine-aoustois.fr\/?page_id=1724","name":"ANNEE 2021 - HISTOIRE PATRIMOINE AOUSTOIS","isPartOf":{"@id":"https:\/\/histoire-patrimoine-aoustois.fr\/#website"},"primaryImageOfPage":{"@id":"https:\/\/histoire-patrimoine-aoustois.fr\/?page_id=1724#primaryimage"},"image":{"@id":"https:\/\/histoire-patrimoine-aoustois.fr\/?page_id=1724#primaryimage"},"thumbnailUrl":"https:\/\/histoire-patrimoine-aoustois.fr\/wp-content\/uploads\/2022\/03\/logo-HPA-bandeau-mini-nouveau-site.jpg","datePublished":"2022-01-28T05:32:27+00:00","dateModified":"2022-03-13T09:13:41+00:00","description":"Articles mis en ligne en 2021 par l'association histoire patrimoine aoustois.","breadcrumb":{"@id":"https:\/\/histoire-patrimoine-aoustois.fr\/?page_id=1724#breadcrumb"},"inLanguage":"fr-FR","potentialAction":[{"@type":"ReadAction","target":["https:\/\/histoire-patrimoine-aoustois.fr\/?page_id=1724"]}]},{"@type":"ImageObject","inLanguage":"fr-FR","@id":"https:\/\/histoire-patrimoine-aoustois.fr\/?page_id=1724#primaryimage","url":"","contentUrl":""},{"@type":"BreadcrumbList","@id":"https:\/\/histoire-patrimoine-aoustois.fr\/?page_id=1724#breadcrumb","itemListElement":[{"@type":"ListItem","position":1,"name":"Accueil","item":"https:\/\/histoire-patrimoine-aoustois.fr\/"},{"@type":"ListItem","position":2,"name":"ANNEE 2021"}]},{"@type":"WebSite","@id":"https:\/\/histoire-patrimoine-aoustois.fr\/#website","url":"https:\/\/histoire-patrimoine-aoustois.fr\/","name":"HISTOIRE PATRIMOINE AOUSTOIS","description":"","publisher":{"@id":"https:\/\/histoire-patrimoine-aoustois.fr\/#organization"},"potentialAction":[{"@type":"SearchAction","target":{"@type":"EntryPoint","urlTemplate":"https:\/\/histoire-patrimoine-aoustois.fr\/?s={search_term_string}"},"query-input":{"@type":"PropertyValueSpecification","valueRequired":true,"valueName":"search_term_string"}}],"inLanguage":"fr-FR"},{"@type":"Organization","@id":"https:\/\/histoire-patrimoine-aoustois.fr\/#organization","name":"histoire patrimoine aoustois","url":"https:\/\/histoire-patrimoine-aoustois.fr\/","logo":{"@type":"ImageObject","inLanguage":"fr-FR","@id":"https:\/\/histoire-patrimoine-aoustois.fr\/#\/schema\/logo\/image\/","url":"","contentUrl":"","caption":"histoire patrimoine aoustois"},"image":{"@id":"https:\/\/histoire-patrimoine-aoustois.fr\/#\/schema\/logo\/image\/"}}]}},"jetpack_sharing_enabled":true,"_links":{"self":[{"href":"https:\/\/histoire-patrimoine-aoustois.fr\/index.php?rest_route=\/wp\/v2\/pages\/1724","targetHints":{"allow":["GET"]}}],"collection":[{"href":"https:\/\/histoire-patrimoine-aoustois.fr\/index.php?rest_route=\/wp\/v2\/pages"}],"about":[{"href":"https:\/\/histoire-patrimoine-aoustois.fr\/index.php?rest_route=\/wp\/v2\/types\/page"}],"author":[{"embeddable":true,"href":"https:\/\/histoire-patrimoine-aoustois.fr\/index.php?rest_route=\/wp\/v2\/users\/1"}],"replies":[{"embeddable":true,"href":"https:\/\/histoire-patrimoine-aoustois.fr\/index.php?rest_route=%2Fwp%2Fv2%2Fcomments&post=1724"}],"version-history":[{"count":0,"href":"https:\/\/histoire-patrimoine-aoustois.fr\/index.php?rest_route=\/wp\/v2\/pages\/1724\/revisions"}],"wp:attachment":[{"href":"https:\/\/histoire-patrimoine-aoustois.fr\/index.php?rest_route=%2Fwp%2Fv2%2Fmedia&parent=1724"}],"curies":[{"name":"wp","href":"https:\/\/api.w.org\/{rel}","templated":true}]}}