{"id":1725,"date":"2022-01-28T05:32:27","date_gmt":"2022-01-28T05:32:27","guid":{"rendered":"https:\/\/histoire-patrimoine-aoustois.fr\/?page_id=1725"},"modified":"2023-03-21T04:53:59","modified_gmt":"2023-03-21T04:53:59","slug":"annee-2022","status":"publish","type":"page","link":"https:\/\/histoire-patrimoine-aoustois.fr\/?page_id=1725","title":{"rendered":"ANNEE 2022"},"content":{"rendered":"\n<p><br><\/p>\n\n\n<div class=\"wp-block-image\">\n<figure class=\"aligncenter size-full\"><img decoding=\"async\" src=\"https:\/\/histoire-patrimoine-aoustois.fr\/wp-content\/uploads\/2022\/03\/logo-HPA-bandeau-mini-nouveau-site.jpg\" alt=\"\" class=\"wp-image-6486\"\/><\/figure>\n<\/div>\n\n\n<p><br><br><\/p>\n\n\n\n<p class=\"has-text-align-center\"><strong>ARCHIVES &#8211; ANNEE 2022<\/strong>&nbsp;<\/p>\n\n\n\n<p><br><br><br><\/p>\n\n\n\n<p><\/p>\n\n\n<div class=\"wp-block-image\">\n<figure class=\"aligncenter\"><img decoding=\"async\" src=\"https:\/\/static.neopse.com\/medias\/p\/523\/site\/f6\/e0\/0c\/f6e00cd8d8e4df19d945d063077e0fcf4a075cdf.jpg?v=v1\" alt=\"\"\/><\/figure>\n<\/div>\n\n\n<p><br><\/p>\n\n\n\n<p><\/p>\n\n\n\n<p class=\"has-black-color has-text-color\"><br><strong>Mars :<\/strong><\/p>\n\n\n\n<p class=\"has-black-color has-text-color\">          <strong> <\/strong><em><a href=\"https:\/\/histoire-patrimoine-aoustois.fr\/?p=6238\" target=\"_blank\" rel=\"noreferrer noopener\">Aouste sur Sye ville-\u00e9tape aux XVIIe et XVIIIe si\u00e8cles<\/a><\/em><br><\/p>\n\n\n\n<p>         <em>  <a href=\"https:\/\/histoire-patrimoine-aoustois.fr\/?p=6931\" target=\"_blank\" rel=\"noreferrer noopener\">De calamiteux 17e et 18e si\u00e8cles \u00e0 Aouste<\/a><\/em><\/p>\n\n\n\n<p><\/p>\n\n\n\n<p><strong>Avril :<\/strong> <\/p>\n\n\n\n<p><em>           <a href=\"https:\/\/histoire-patrimoine-aoustois.fr\/?p=6952\" target=\"_blank\" rel=\"noreferrer noopener\">Les soldats aoustois de Napol\u00e9on 1er<\/a><\/em><\/p>\n\n\n\n<p>           <em><a href=\"https:\/\/histoire-patrimoine-aoustois.fr\/?p=6977\" target=\"_blank\" rel=\"noreferrer noopener\">Le canal Souvion \u00e0 La Clastre<\/a><\/em><\/p>\n\n\n\n<p>           <em><a href=\"https:\/\/histoire-patrimoine-aoustois.fr\/?p=7002\" target=\"_blank\" rel=\"noreferrer noopener\">Les canaux de la Basse Vall\u00e9e de Gervanne<\/a><\/em><\/p>\n\n\n\n<p><\/p>\n\n\n\n<p><strong>Mai : <\/strong><\/p>\n\n\n\n<p>          <em><a href=\"https:\/\/histoire-patrimoine-aoustois.fr\/?p=7137\" target=\"_blank\" rel=\"noreferrer noopener\">L&rsquo;urbanisme \u00e0 Aouste<\/a><\/em><\/p>\n\n\n\n<p>          <em><a href=\"https:\/\/histoire-patrimoine-aoustois.fr\/?p=7154\" target=\"_blank\" rel=\"noreferrer noopener\">Alain Hurtevent<\/a><\/em><\/p>\n\n\n\n<p><\/p>\n\n\n\n<p><strong>Juin :<\/strong><\/p>\n\n\n\n<p class=\"has-text-color\" style=\"color:#0736e3\">         <a href=\"https:\/\/histoire-patrimoine-aoustois.fr\/?p=7203\" target=\"_blank\" rel=\"noreferrer noopener\"><em>  La Galici\u00e8re<\/em><\/a><\/p>\n\n\n\n<p><strong>Juillet :<\/strong><\/p>\n\n\n\n<p class=\"has-text-color\" style=\"color:#0c07e3\">         <em><a href=\"https:\/\/histoire-patrimoine-aoustois.fr\/?p=7232\" target=\"_blank\" rel=\"noreferrer noopener\"> L&rsquo;\u00e9lectricit\u00e9 \u00e0 Aouste sur Sye<\/a><\/em><\/p>\n\n\n\n<p class=\"has-text-color\" style=\"color:#0718e3\">       <em>   <a href=\"https:\/\/histoire-patrimoine-aoustois.fr\/?p=7250\" target=\"_blank\" rel=\"noreferrer noopener\">Expo \u00ab\u00a0les canaux d&rsquo;Aouste sur Sye juin 2022<\/a><\/em><\/p>\n\n\n\n<p class=\"has-text-color\" style=\"color:#1307e3\">         <a href=\"https:\/\/histoire-patrimoine-aoustois.fr\/?p=7320\" target=\"_blank\" rel=\"noreferrer noopener\"> <em>Expo \u00ab\u00a0les Poilus d&rsquo;Aouste sur Sye\u00a0\u00bb novembre 2018<\/em><\/a><\/p>\n\n\n\n<p class=\"has-text-color\" style=\"color:#1307e3\">        <a href=\"https:\/\/histoire-patrimoine-aoustois.fr\/?p=7314\" target=\"_blank\" rel=\"noreferrer noopener\">  <em>Expo \u00ab\u00a0Des fouilles \u00e0 Napol\u00e9on\u00a0\u00bb septembre 2021<\/em><\/a><\/p>\n\n\n\n<p><em>         <a href=\"https:\/\/histoire-patrimoine-aoustois.fr\/?p=7300\" target=\"_blank\" rel=\"noreferrer noopener\">Expo \u00ab&nbsp;Centenaire de l\u2019inauguration des monuments aux morts \u2013 novembre 1920<\/a><\/em>   <\/p>\n\n\n\n<p class=\"has-text-color\" style=\"color:#2207e3\">      <em>   <a href=\"https:\/\/histoire-patrimoine-aoustois.fr\/?p=7340\" target=\"_blank\" rel=\"noreferrer noopener\">Expo \u00a0\u00bb Aouste sur Sye &#8230; au fil du temps\u00a0\u00bb &#8211; septembre 2018<\/a><\/em><\/p>\n\n\n\n<p><strong>Ao\u00fbt :<\/strong><\/p>\n\n\n\n<p>        <em><a href=\"https:\/\/histoire-patrimoine-aoustois.fr\/?p=7429\" target=\"_blank\" rel=\"noreferrer noopener\">Voie ferr\u00e9e et am\u00e9nagements \u00e0 la fin du XIXe si\u00e8cle<\/a><\/em><\/p>\n\n\n\n<p>        <a href=\"https:\/\/histoire-patrimoine-aoustois.fr\/?p=7452\" target=\"_blank\" rel=\"noreferrer noopener\"><em>Les moulins \u00e0 vent de la Dr\u00f4me<\/em><\/a><\/p>\n\n\n\n<p class=\"has-text-color\" style=\"color:#1700ff\">        <em><a href=\"https:\/\/histoire-patrimoine-aoustois.fr\/?p=7493\" target=\"_blank\" rel=\"noreferrer noopener\">Les remparts d&rsquo;Aouste sur Sye aux XVIIe et XVIIIe si\u00e8cles<\/a><\/em><\/p>\n\n\n\n<p><strong>Novembre :<\/strong><\/p>\n\n\n\n<p>         <a href=\"https:\/\/histoire-patrimoine-aoustois.fr\/?p=7530\" target=\"_blank\" rel=\"noreferrer noopener\"><em>Budget-courses \u00e0 Valence en 1550<\/em><\/a><\/p>\n\n\n\n<p>      <em>  <a href=\"https:\/\/histoire-patrimoine-aoustois.fr\/?p=7548\" target=\"_blank\" rel=\"noreferrer noopener\"> P\u00e9age sur la rivi\u00e8re Dr\u00f4me en 1634<\/a><\/em><\/p>\n\n\n\n<p><strong>D\u00e9cembre :<\/strong><\/p>\n\n\n\n<p>         <a href=\"https:\/\/histoire-patrimoine-aoustois.fr\/?p=7594\"><em>Les rues et quartiers d&rsquo;Aouste<\/em><\/a><\/p>\n\n\n\n<p><\/p>\n\n\n\n<p><\/p>\n","protected":false},"excerpt":{"rendered":"<p>ARCHIVES &#8211; ANNEE 2022&nbsp; Mars : Aouste sur Sye ville-\u00e9tape aux XVIIe et XVIIIe si\u00e8cles De calamiteux 17e et 18e si\u00e8cles \u00e0 Aouste Avril : Les soldats aoustois de Napol\u00e9on 1er Le canal Souvion \u00e0 La Clastre Les canaux de la Basse Vall\u00e9e de Gervanne Mai : L&rsquo;urbanisme \u00e0 Aouste Alain Hurtevent Juin : La [&hellip;]<\/p>\n","protected":false},"author":1,"featured_media":0,"parent":0,"menu_order":0,"comment_status":"closed","ping_status":"closed","template":"","meta":{"footnotes":""},"class_list":["post-1725","page","type-page","status-publish","hentry","entry"],"yoast_head":"<!-- This site is optimized with the Yoast SEO plugin v27.4 - https:\/\/yoast.com\/product\/yoast-seo-wordpress\/ -->\n<title>ANNEE 2022 - HISTOIRE PATRIMOINE AOUSTOIS<\/title>\n<meta name=\"description\" content=\"Articles mis en ligne en 2022 par l&#039;association histoire patrimoine aoustois.\" \/>\n<meta name=\"robots\" content=\"index, follow, max-snippet:-1, max-image-preview:large, max-video-preview:-1\" \/>\n<link rel=\"canonical\" href=\"https:\/\/histoire-patrimoine-aoustois.fr\/?page_id=1725\" \/>\n<meta property=\"og:locale\" content=\"fr_FR\" \/>\n<meta property=\"og:type\" content=\"article\" \/>\n<meta property=\"og:title\" content=\"ANNEE 2022 - HISTOIRE PATRIMOINE AOUSTOIS\" \/>\n<meta property=\"og:description\" content=\"Articles mis en ligne en 2022 par l&#039;association histoire patrimoine aoustois.\" \/>\n<meta property=\"og:url\" content=\"https:\/\/histoire-patrimoine-aoustois.fr\/?page_id=1725\" \/>\n<meta property=\"og:site_name\" content=\"HISTOIRE PATRIMOINE AOUSTOIS\" \/>\n<meta property=\"article:modified_time\" content=\"2023-03-21T04:53:59+00:00\" \/>\n<meta property=\"og:image\" content=\"https:\/\/histoire-patrimoine-aoustois.fr\/wp-content\/uploads\/2022\/03\/logo-HPA-bandeau-mini-nouveau-site.jpg\" \/>\n<meta name=\"twitter:card\" content=\"summary_large_image\" \/>\n<meta name=\"twitter:label1\" content=\"Dur\u00e9e de lecture estim\u00e9e\" \/>\n\t<meta name=\"twitter:data1\" content=\"2 minutes\" \/>\n<script type=\"application\/ld+json\" class=\"yoast-schema-graph\">{\"@context\":\"https:\\\/\\\/schema.org\",\"@graph\":[{\"@type\":\"WebPage\",\"@id\":\"https:\\\/\\\/histoire-patrimoine-aoustois.fr\\\/?page_id=1725\",\"url\":\"https:\\\/\\\/histoire-patrimoine-aoustois.fr\\\/?page_id=1725\",\"name\":\"ANNEE 2022 - HISTOIRE PATRIMOINE AOUSTOIS\",\"isPartOf\":{\"@id\":\"https:\\\/\\\/histoire-patrimoine-aoustois.fr\\\/#website\"},\"primaryImageOfPage\":{\"@id\":\"https:\\\/\\\/histoire-patrimoine-aoustois.fr\\\/?page_id=1725#primaryimage\"},\"image\":{\"@id\":\"https:\\\/\\\/histoire-patrimoine-aoustois.fr\\\/?page_id=1725#primaryimage\"},\"thumbnailUrl\":\"https:\\\/\\\/histoire-patrimoine-aoustois.fr\\\/wp-content\\\/uploads\\\/2022\\\/03\\\/logo-HPA-bandeau-mini-nouveau-site.jpg\",\"datePublished\":\"2022-01-28T05:32:27+00:00\",\"dateModified\":\"2023-03-21T04:53:59+00:00\",\"description\":\"Articles mis en ligne en 2022 par l'association histoire patrimoine aoustois.\",\"breadcrumb\":{\"@id\":\"https:\\\/\\\/histoire-patrimoine-aoustois.fr\\\/?page_id=1725#breadcrumb\"},\"inLanguage\":\"fr-FR\",\"potentialAction\":[{\"@type\":\"ReadAction\",\"target\":[\"https:\\\/\\\/histoire-patrimoine-aoustois.fr\\\/?page_id=1725\"]}]},{\"@type\":\"ImageObject\",\"inLanguage\":\"fr-FR\",\"@id\":\"https:\\\/\\\/histoire-patrimoine-aoustois.fr\\\/?page_id=1725#primaryimage\",\"url\":\"\",\"contentUrl\":\"\"},{\"@type\":\"BreadcrumbList\",\"@id\":\"https:\\\/\\\/histoire-patrimoine-aoustois.fr\\\/?page_id=1725#breadcrumb\",\"itemListElement\":[{\"@type\":\"ListItem\",\"position\":1,\"name\":\"Accueil\",\"item\":\"https:\\\/\\\/histoire-patrimoine-aoustois.fr\\\/\"},{\"@type\":\"ListItem\",\"position\":2,\"name\":\"ANNEE 2022\"}]},{\"@type\":\"WebSite\",\"@id\":\"https:\\\/\\\/histoire-patrimoine-aoustois.fr\\\/#website\",\"url\":\"https:\\\/\\\/histoire-patrimoine-aoustois.fr\\\/\",\"name\":\"HISTOIRE PATRIMOINE AOUSTOIS\",\"description\":\"\",\"publisher\":{\"@id\":\"https:\\\/\\\/histoire-patrimoine-aoustois.fr\\\/#organization\"},\"potentialAction\":[{\"@type\":\"SearchAction\",\"target\":{\"@type\":\"EntryPoint\",\"urlTemplate\":\"https:\\\/\\\/histoire-patrimoine-aoustois.fr\\\/?s={search_term_string}\"},\"query-input\":{\"@type\":\"PropertyValueSpecification\",\"valueRequired\":true,\"valueName\":\"search_term_string\"}}],\"inLanguage\":\"fr-FR\"},{\"@type\":\"Organization\",\"@id\":\"https:\\\/\\\/histoire-patrimoine-aoustois.fr\\\/#organization\",\"name\":\"histoire patrimoine aoustois\",\"url\":\"https:\\\/\\\/histoire-patrimoine-aoustois.fr\\\/\",\"logo\":{\"@type\":\"ImageObject\",\"inLanguage\":\"fr-FR\",\"@id\":\"https:\\\/\\\/histoire-patrimoine-aoustois.fr\\\/#\\\/schema\\\/logo\\\/image\\\/\",\"url\":\"\",\"contentUrl\":\"\",\"caption\":\"histoire patrimoine aoustois\"},\"image\":{\"@id\":\"https:\\\/\\\/histoire-patrimoine-aoustois.fr\\\/#\\\/schema\\\/logo\\\/image\\\/\"}}]}<\/script>\n<!-- \/ Yoast SEO plugin. -->","yoast_head_json":{"title":"ANNEE 2022 - HISTOIRE PATRIMOINE AOUSTOIS","description":"Articles mis en ligne en 2022 par l'association histoire patrimoine aoustois.","robots":{"index":"index","follow":"follow","max-snippet":"max-snippet:-1","max-image-preview":"max-image-preview:large","max-video-preview":"max-video-preview:-1"},"canonical":"https:\/\/histoire-patrimoine-aoustois.fr\/?page_id=1725","og_locale":"fr_FR","og_type":"article","og_title":"ANNEE 2022 - HISTOIRE PATRIMOINE AOUSTOIS","og_description":"Articles mis en ligne en 2022 par l'association histoire patrimoine aoustois.","og_url":"https:\/\/histoire-patrimoine-aoustois.fr\/?page_id=1725","og_site_name":"HISTOIRE PATRIMOINE AOUSTOIS","article_modified_time":"2023-03-21T04:53:59+00:00","og_image":[{"url":"https:\/\/histoire-patrimoine-aoustois.fr\/wp-content\/uploads\/2022\/03\/logo-HPA-bandeau-mini-nouveau-site.jpg","type":"","width":"","height":""}],"twitter_card":"summary_large_image","twitter_misc":{"Dur\u00e9e de lecture estim\u00e9e":"2 minutes"},"schema":{"@context":"https:\/\/schema.org","@graph":[{"@type":"WebPage","@id":"https:\/\/histoire-patrimoine-aoustois.fr\/?page_id=1725","url":"https:\/\/histoire-patrimoine-aoustois.fr\/?page_id=1725","name":"ANNEE 2022 - HISTOIRE PATRIMOINE AOUSTOIS","isPartOf":{"@id":"https:\/\/histoire-patrimoine-aoustois.fr\/#website"},"primaryImageOfPage":{"@id":"https:\/\/histoire-patrimoine-aoustois.fr\/?page_id=1725#primaryimage"},"image":{"@id":"https:\/\/histoire-patrimoine-aoustois.fr\/?page_id=1725#primaryimage"},"thumbnailUrl":"https:\/\/histoire-patrimoine-aoustois.fr\/wp-content\/uploads\/2022\/03\/logo-HPA-bandeau-mini-nouveau-site.jpg","datePublished":"2022-01-28T05:32:27+00:00","dateModified":"2023-03-21T04:53:59+00:00","description":"Articles mis en ligne en 2022 par l'association histoire patrimoine aoustois.","breadcrumb":{"@id":"https:\/\/histoire-patrimoine-aoustois.fr\/?page_id=1725#breadcrumb"},"inLanguage":"fr-FR","potentialAction":[{"@type":"ReadAction","target":["https:\/\/histoire-patrimoine-aoustois.fr\/?page_id=1725"]}]},{"@type":"ImageObject","inLanguage":"fr-FR","@id":"https:\/\/histoire-patrimoine-aoustois.fr\/?page_id=1725#primaryimage","url":"","contentUrl":""},{"@type":"BreadcrumbList","@id":"https:\/\/histoire-patrimoine-aoustois.fr\/?page_id=1725#breadcrumb","itemListElement":[{"@type":"ListItem","position":1,"name":"Accueil","item":"https:\/\/histoire-patrimoine-aoustois.fr\/"},{"@type":"ListItem","position":2,"name":"ANNEE 2022"}]},{"@type":"WebSite","@id":"https:\/\/histoire-patrimoine-aoustois.fr\/#website","url":"https:\/\/histoire-patrimoine-aoustois.fr\/","name":"HISTOIRE PATRIMOINE AOUSTOIS","description":"","publisher":{"@id":"https:\/\/histoire-patrimoine-aoustois.fr\/#organization"},"potentialAction":[{"@type":"SearchAction","target":{"@type":"EntryPoint","urlTemplate":"https:\/\/histoire-patrimoine-aoustois.fr\/?s={search_term_string}"},"query-input":{"@type":"PropertyValueSpecification","valueRequired":true,"valueName":"search_term_string"}}],"inLanguage":"fr-FR"},{"@type":"Organization","@id":"https:\/\/histoire-patrimoine-aoustois.fr\/#organization","name":"histoire patrimoine aoustois","url":"https:\/\/histoire-patrimoine-aoustois.fr\/","logo":{"@type":"ImageObject","inLanguage":"fr-FR","@id":"https:\/\/histoire-patrimoine-aoustois.fr\/#\/schema\/logo\/image\/","url":"","contentUrl":"","caption":"histoire patrimoine aoustois"},"image":{"@id":"https:\/\/histoire-patrimoine-aoustois.fr\/#\/schema\/logo\/image\/"}}]}},"jetpack_sharing_enabled":true,"_links":{"self":[{"href":"https:\/\/histoire-patrimoine-aoustois.fr\/index.php?rest_route=\/wp\/v2\/pages\/1725","targetHints":{"allow":["GET"]}}],"collection":[{"href":"https:\/\/histoire-patrimoine-aoustois.fr\/index.php?rest_route=\/wp\/v2\/pages"}],"about":[{"href":"https:\/\/histoire-patrimoine-aoustois.fr\/index.php?rest_route=\/wp\/v2\/types\/page"}],"author":[{"embeddable":true,"href":"https:\/\/histoire-patrimoine-aoustois.fr\/index.php?rest_route=\/wp\/v2\/users\/1"}],"replies":[{"embeddable":true,"href":"https:\/\/histoire-patrimoine-aoustois.fr\/index.php?rest_route=%2Fwp%2Fv2%2Fcomments&post=1725"}],"version-history":[{"count":0,"href":"https:\/\/histoire-patrimoine-aoustois.fr\/index.php?rest_route=\/wp\/v2\/pages\/1725\/revisions"}],"wp:attachment":[{"href":"https:\/\/histoire-patrimoine-aoustois.fr\/index.php?rest_route=%2Fwp%2Fv2%2Fmedia&parent=1725"}],"curies":[{"name":"wp","href":"https:\/\/api.w.org\/{rel}","templated":true}]}}