{"id":7369,"date":"2022-08-03T02:54:37","date_gmt":"2022-08-03T02:54:37","guid":{"rendered":"https:\/\/histoire-patrimoine-aoustois.fr\/?page_id=7369"},"modified":"2024-01-08T13:14:00","modified_gmt":"2024-01-08T13:14:00","slug":"expositions","status":"publish","type":"page","link":"https:\/\/histoire-patrimoine-aoustois.fr\/?page_id=7369","title":{"rendered":"EXPOSITIONS"},"content":{"rendered":"\n<p><br><\/p>\n\n\n\n<p class=\"has-text-align-center has-text-color has-medium-font-size\" style=\"color:#2a07e3\"><br><br><strong>Histoire et Patrimoine Aoustois vous pr\u00e9sente les expositions qu&rsquo;elle a r\u00e9alis\u00e9es sur diff\u00e9rents th\u00e8mes.<\/strong><br><br><\/p>\n\n\n\n<p><\/p>\n\n\n\n<p class=\"has-medium-font-size\"><strong>Consultez la page en cliquant sur le lien<\/strong><br><br><\/p>\n\n\n\n<p><\/p>\n\n\n\n<ul style=\"color:#0720e3\" class=\"has-text-color has-medium-font-size wp-block-list\">\n<li class=\"has-medium-font-size\"><strong><em>Expo <a href=\"https:\/\/histoire-patrimoine-aoustois.fr\/?p=7250\" target=\"_blank\" rel=\"noreferrer noopener\">\u00a0\u00bb Les canaux d&rsquo;Aouste sur Sye\u00a0\u00bb &#8211; juin 2022<\/a><\/em><\/strong><\/li>\n\n\n\n<li class=\"has-medium-font-size\"><strong><em>Expo \u00ab\u00a0<a href=\"https:\/\/histoire-patrimoine-aoustois.fr\/?p=7300\" target=\"_blank\" rel=\"noreferrer noopener\"> Centenaire de l&rsquo;inauguration des monuments aux morts\u00a0\u00bb &#8211; novembre 2020<\/a><\/em><\/strong><\/li>\n\n\n\n<li class=\"has-medium-font-size\"><strong><em>Expo <a href=\"https:\/\/histoire-patrimoine-aoustois.fr\/?p=7314\" target=\"_blank\" rel=\"noreferrer noopener\">\u00a0\u00bb Des fouilles \u00e0 Napol\u00e9on 1er\u00a0\u00bb  &#8211; septembre 2021<\/a><\/em><\/strong><\/li>\n\n\n\n<li class=\"has-medium-font-size\"><strong><em>Expo <a href=\"\/\/histoire-patrimoine-aoustois.fr\/?p=7320\" target=\"_blank\" rel=\"noreferrer noopener\">\u00a0\u00bb Les Poilus d&rsquo;Aouste sur Sye\u00a0\u00bb &#8211; novembre 2018<\/a><\/em><\/strong><\/li>\n\n\n\n<li class=\"has-medium-font-size\"><strong><em>Expo <a href=\"https:\/\/histoire-patrimoine-aoustois.fr\/?p=7340\" target=\"_blank\" rel=\"noreferrer noopener\">\u00a0\u00bb Aouste sur Sye  &#8230; au fil du temps\u00a0\u00bb &#8211; septembre 2018<\/a><\/em><\/strong><\/li>\n\n\n\n<li class=\"has-medium-font-size\"><strong><em>Expo \u00ab\u00a0<span style=\"text-decoration: underline;\"> <a href=\"https:\/\/histoire-patrimoine-aoustois.fr\/?p=8829\">Les Sapeurs-Pompiers d&rsquo;Aouste 1845 &#8211; 2013<\/a><\/span><\/em><\/strong> <br><br><\/li>\n<\/ul>\n\n\n\n<p><br><span style=\"text-decoration: underline;\"><br><\/span><\/p>\n\n\n\n<figure class=\"wp-block-image size-large\"><img fetchpriority=\"high\" decoding=\"async\" width=\"1024\" height=\"431\" src=\"https:\/\/histoire-patrimoine-aoustois.fr\/wp-content\/uploads\/2022\/06\/canaux-02-1024x431.jpg\" alt=\"\" class=\"wp-image-7189\" srcset=\"https:\/\/histoire-patrimoine-aoustois.fr\/wp-content\/uploads\/2022\/06\/canaux-02-1024x431.jpg 1024w, https:\/\/histoire-patrimoine-aoustois.fr\/wp-content\/uploads\/2022\/06\/canaux-02-300x126.jpg 300w, https:\/\/histoire-patrimoine-aoustois.fr\/wp-content\/uploads\/2022\/06\/canaux-02-768x324.jpg 768w, https:\/\/histoire-patrimoine-aoustois.fr\/wp-content\/uploads\/2022\/06\/canaux-02.jpg 1486w\" sizes=\"(max-width: 1024px) 100vw, 1024px\" \/><\/figure>\n\n\n\n<p><\/p>\n\n\n\n<p><\/p>\n\n\n\n<p class=\"has-medium-font-size\"><br><\/p>\n","protected":false},"excerpt":{"rendered":"<p>Histoire et Patrimoine Aoustois vous pr\u00e9sente les expositions qu&rsquo;elle a r\u00e9alis\u00e9es sur diff\u00e9rents th\u00e8mes. Consultez la page en cliquant sur le lien<\/p>\n","protected":false},"author":1,"featured_media":0,"parent":0,"menu_order":0,"comment_status":"open","ping_status":"closed","template":"","meta":{"footnotes":""},"class_list":["post-7369","page","type-page","status-publish","hentry","entry"],"yoast_head":"<!-- This site is optimized with the Yoast SEO plugin v27.4 - https:\/\/yoast.com\/product\/yoast-seo-wordpress\/ -->\n<title>EXPOSITIONS - HISTOIRE PATRIMOINE AOUSTOIS<\/title>\n<meta name=\"description\" content=\"Histoire et Patrimoine Aoustois vous pr\u00e9sente les expositions qu&#039;elle a r\u00e9alis\u00e9es sur son village avec diff\u00e9rents th\u00e8mes.\" \/>\n<meta name=\"robots\" content=\"index, follow, max-snippet:-1, max-image-preview:large, max-video-preview:-1\" \/>\n<link rel=\"canonical\" href=\"https:\/\/histoire-patrimoine-aoustois.fr\/?page_id=7369\" \/>\n<meta property=\"og:locale\" content=\"fr_FR\" \/>\n<meta property=\"og:type\" content=\"article\" \/>\n<meta property=\"og:title\" content=\"EXPOSITIONS - HISTOIRE PATRIMOINE AOUSTOIS\" \/>\n<meta property=\"og:description\" content=\"Histoire et Patrimoine Aoustois vous pr\u00e9sente les expositions qu&#039;elle a r\u00e9alis\u00e9es sur son village avec diff\u00e9rents th\u00e8mes.\" \/>\n<meta property=\"og:url\" content=\"https:\/\/histoire-patrimoine-aoustois.fr\/?page_id=7369\" \/>\n<meta property=\"og:site_name\" content=\"HISTOIRE PATRIMOINE AOUSTOIS\" \/>\n<meta property=\"article:modified_time\" content=\"2024-01-08T13:14:00+00:00\" \/>\n<meta property=\"og:image\" content=\"https:\/\/histoire-patrimoine-aoustois.fr\/wp-content\/uploads\/2022\/06\/canaux-02-1024x431.jpg\" \/>\n<meta name=\"twitter:card\" content=\"summary_large_image\" \/>\n<meta name=\"twitter:label1\" content=\"Dur\u00e9e de lecture estim\u00e9e\" \/>\n\t<meta name=\"twitter:data1\" content=\"1 minute\" \/>\n<script type=\"application\/ld+json\" class=\"yoast-schema-graph\">{\"@context\":\"https:\\\/\\\/schema.org\",\"@graph\":[{\"@type\":\"WebPage\",\"@id\":\"https:\\\/\\\/histoire-patrimoine-aoustois.fr\\\/?page_id=7369\",\"url\":\"https:\\\/\\\/histoire-patrimoine-aoustois.fr\\\/?page_id=7369\",\"name\":\"EXPOSITIONS - HISTOIRE PATRIMOINE AOUSTOIS\",\"isPartOf\":{\"@id\":\"https:\\\/\\\/histoire-patrimoine-aoustois.fr\\\/#website\"},\"primaryImageOfPage\":{\"@id\":\"https:\\\/\\\/histoire-patrimoine-aoustois.fr\\\/?page_id=7369#primaryimage\"},\"image\":{\"@id\":\"https:\\\/\\\/histoire-patrimoine-aoustois.fr\\\/?page_id=7369#primaryimage\"},\"thumbnailUrl\":\"https:\\\/\\\/histoire-patrimoine-aoustois.fr\\\/wp-content\\\/uploads\\\/2022\\\/06\\\/canaux-02-1024x431.jpg\",\"datePublished\":\"2022-08-03T02:54:37+00:00\",\"dateModified\":\"2024-01-08T13:14:00+00:00\",\"description\":\"Histoire et Patrimoine Aoustois vous pr\u00e9sente les expositions qu'elle a r\u00e9alis\u00e9es sur son village avec diff\u00e9rents th\u00e8mes.\",\"breadcrumb\":{\"@id\":\"https:\\\/\\\/histoire-patrimoine-aoustois.fr\\\/?page_id=7369#breadcrumb\"},\"inLanguage\":\"fr-FR\",\"potentialAction\":[{\"@type\":\"ReadAction\",\"target\":[\"https:\\\/\\\/histoire-patrimoine-aoustois.fr\\\/?page_id=7369\"]}]},{\"@type\":\"ImageObject\",\"inLanguage\":\"fr-FR\",\"@id\":\"https:\\\/\\\/histoire-patrimoine-aoustois.fr\\\/?page_id=7369#primaryimage\",\"url\":\"https:\\\/\\\/histoire-patrimoine-aoustois.fr\\\/wp-content\\\/uploads\\\/2022\\\/06\\\/canaux-02.jpg\",\"contentUrl\":\"https:\\\/\\\/histoire-patrimoine-aoustois.fr\\\/wp-content\\\/uploads\\\/2022\\\/06\\\/canaux-02.jpg\",\"width\":1486,\"height\":626},{\"@type\":\"BreadcrumbList\",\"@id\":\"https:\\\/\\\/histoire-patrimoine-aoustois.fr\\\/?page_id=7369#breadcrumb\",\"itemListElement\":[{\"@type\":\"ListItem\",\"position\":1,\"name\":\"Accueil\",\"item\":\"https:\\\/\\\/histoire-patrimoine-aoustois.fr\\\/\"},{\"@type\":\"ListItem\",\"position\":2,\"name\":\"EXPOSITIONS\"}]},{\"@type\":\"WebSite\",\"@id\":\"https:\\\/\\\/histoire-patrimoine-aoustois.fr\\\/#website\",\"url\":\"https:\\\/\\\/histoire-patrimoine-aoustois.fr\\\/\",\"name\":\"HISTOIRE PATRIMOINE AOUSTOIS\",\"description\":\"\",\"publisher\":{\"@id\":\"https:\\\/\\\/histoire-patrimoine-aoustois.fr\\\/#organization\"},\"potentialAction\":[{\"@type\":\"SearchAction\",\"target\":{\"@type\":\"EntryPoint\",\"urlTemplate\":\"https:\\\/\\\/histoire-patrimoine-aoustois.fr\\\/?s={search_term_string}\"},\"query-input\":{\"@type\":\"PropertyValueSpecification\",\"valueRequired\":true,\"valueName\":\"search_term_string\"}}],\"inLanguage\":\"fr-FR\"},{\"@type\":\"Organization\",\"@id\":\"https:\\\/\\\/histoire-patrimoine-aoustois.fr\\\/#organization\",\"name\":\"histoire patrimoine aoustois\",\"url\":\"https:\\\/\\\/histoire-patrimoine-aoustois.fr\\\/\",\"logo\":{\"@type\":\"ImageObject\",\"inLanguage\":\"fr-FR\",\"@id\":\"https:\\\/\\\/histoire-patrimoine-aoustois.fr\\\/#\\\/schema\\\/logo\\\/image\\\/\",\"url\":\"\",\"contentUrl\":\"\",\"caption\":\"histoire patrimoine aoustois\"},\"image\":{\"@id\":\"https:\\\/\\\/histoire-patrimoine-aoustois.fr\\\/#\\\/schema\\\/logo\\\/image\\\/\"}}]}<\/script>\n<!-- \/ Yoast SEO plugin. -->","yoast_head_json":{"title":"EXPOSITIONS - HISTOIRE PATRIMOINE AOUSTOIS","description":"Histoire et Patrimoine Aoustois vous pr\u00e9sente les expositions qu'elle a r\u00e9alis\u00e9es sur son village avec diff\u00e9rents th\u00e8mes.","robots":{"index":"index","follow":"follow","max-snippet":"max-snippet:-1","max-image-preview":"max-image-preview:large","max-video-preview":"max-video-preview:-1"},"canonical":"https:\/\/histoire-patrimoine-aoustois.fr\/?page_id=7369","og_locale":"fr_FR","og_type":"article","og_title":"EXPOSITIONS - HISTOIRE PATRIMOINE AOUSTOIS","og_description":"Histoire et Patrimoine Aoustois vous pr\u00e9sente les expositions qu'elle a r\u00e9alis\u00e9es sur son village avec diff\u00e9rents th\u00e8mes.","og_url":"https:\/\/histoire-patrimoine-aoustois.fr\/?page_id=7369","og_site_name":"HISTOIRE PATRIMOINE AOUSTOIS","article_modified_time":"2024-01-08T13:14:00+00:00","og_image":[{"url":"https:\/\/histoire-patrimoine-aoustois.fr\/wp-content\/uploads\/2022\/06\/canaux-02-1024x431.jpg","type":"","width":"","height":""}],"twitter_card":"summary_large_image","twitter_misc":{"Dur\u00e9e de lecture estim\u00e9e":"1 minute"},"schema":{"@context":"https:\/\/schema.org","@graph":[{"@type":"WebPage","@id":"https:\/\/histoire-patrimoine-aoustois.fr\/?page_id=7369","url":"https:\/\/histoire-patrimoine-aoustois.fr\/?page_id=7369","name":"EXPOSITIONS - HISTOIRE PATRIMOINE AOUSTOIS","isPartOf":{"@id":"https:\/\/histoire-patrimoine-aoustois.fr\/#website"},"primaryImageOfPage":{"@id":"https:\/\/histoire-patrimoine-aoustois.fr\/?page_id=7369#primaryimage"},"image":{"@id":"https:\/\/histoire-patrimoine-aoustois.fr\/?page_id=7369#primaryimage"},"thumbnailUrl":"https:\/\/histoire-patrimoine-aoustois.fr\/wp-content\/uploads\/2022\/06\/canaux-02-1024x431.jpg","datePublished":"2022-08-03T02:54:37+00:00","dateModified":"2024-01-08T13:14:00+00:00","description":"Histoire et Patrimoine Aoustois vous pr\u00e9sente les expositions qu'elle a r\u00e9alis\u00e9es sur son village avec diff\u00e9rents th\u00e8mes.","breadcrumb":{"@id":"https:\/\/histoire-patrimoine-aoustois.fr\/?page_id=7369#breadcrumb"},"inLanguage":"fr-FR","potentialAction":[{"@type":"ReadAction","target":["https:\/\/histoire-patrimoine-aoustois.fr\/?page_id=7369"]}]},{"@type":"ImageObject","inLanguage":"fr-FR","@id":"https:\/\/histoire-patrimoine-aoustois.fr\/?page_id=7369#primaryimage","url":"https:\/\/histoire-patrimoine-aoustois.fr\/wp-content\/uploads\/2022\/06\/canaux-02.jpg","contentUrl":"https:\/\/histoire-patrimoine-aoustois.fr\/wp-content\/uploads\/2022\/06\/canaux-02.jpg","width":1486,"height":626},{"@type":"BreadcrumbList","@id":"https:\/\/histoire-patrimoine-aoustois.fr\/?page_id=7369#breadcrumb","itemListElement":[{"@type":"ListItem","position":1,"name":"Accueil","item":"https:\/\/histoire-patrimoine-aoustois.fr\/"},{"@type":"ListItem","position":2,"name":"EXPOSITIONS"}]},{"@type":"WebSite","@id":"https:\/\/histoire-patrimoine-aoustois.fr\/#website","url":"https:\/\/histoire-patrimoine-aoustois.fr\/","name":"HISTOIRE PATRIMOINE AOUSTOIS","description":"","publisher":{"@id":"https:\/\/histoire-patrimoine-aoustois.fr\/#organization"},"potentialAction":[{"@type":"SearchAction","target":{"@type":"EntryPoint","urlTemplate":"https:\/\/histoire-patrimoine-aoustois.fr\/?s={search_term_string}"},"query-input":{"@type":"PropertyValueSpecification","valueRequired":true,"valueName":"search_term_string"}}],"inLanguage":"fr-FR"},{"@type":"Organization","@id":"https:\/\/histoire-patrimoine-aoustois.fr\/#organization","name":"histoire patrimoine aoustois","url":"https:\/\/histoire-patrimoine-aoustois.fr\/","logo":{"@type":"ImageObject","inLanguage":"fr-FR","@id":"https:\/\/histoire-patrimoine-aoustois.fr\/#\/schema\/logo\/image\/","url":"","contentUrl":"","caption":"histoire patrimoine aoustois"},"image":{"@id":"https:\/\/histoire-patrimoine-aoustois.fr\/#\/schema\/logo\/image\/"}}]}},"jetpack_sharing_enabled":true,"_links":{"self":[{"href":"https:\/\/histoire-patrimoine-aoustois.fr\/index.php?rest_route=\/wp\/v2\/pages\/7369","targetHints":{"allow":["GET"]}}],"collection":[{"href":"https:\/\/histoire-patrimoine-aoustois.fr\/index.php?rest_route=\/wp\/v2\/pages"}],"about":[{"href":"https:\/\/histoire-patrimoine-aoustois.fr\/index.php?rest_route=\/wp\/v2\/types\/page"}],"author":[{"embeddable":true,"href":"https:\/\/histoire-patrimoine-aoustois.fr\/index.php?rest_route=\/wp\/v2\/users\/1"}],"replies":[{"embeddable":true,"href":"https:\/\/histoire-patrimoine-aoustois.fr\/index.php?rest_route=%2Fwp%2Fv2%2Fcomments&post=7369"}],"version-history":[{"count":5,"href":"https:\/\/histoire-patrimoine-aoustois.fr\/index.php?rest_route=\/wp\/v2\/pages\/7369\/revisions"}],"predecessor-version":[{"id":8891,"href":"https:\/\/histoire-patrimoine-aoustois.fr\/index.php?rest_route=\/wp\/v2\/pages\/7369\/revisions\/8891"}],"wp:attachment":[{"href":"https:\/\/histoire-patrimoine-aoustois.fr\/index.php?rest_route=%2Fwp%2Fv2%2Fmedia&parent=7369"}],"curies":[{"name":"wp","href":"https:\/\/api.w.org\/{rel}","templated":true}]}}