{"id":7672,"date":"2022-12-25T05:12:46","date_gmt":"2022-12-25T05:12:46","guid":{"rendered":"https:\/\/histoire-patrimoine-aoustois.fr\/?page_id=7672"},"modified":"2024-01-08T13:11:56","modified_gmt":"2024-01-08T13:11:56","slug":"annee-2023","status":"publish","type":"page","link":"https:\/\/histoire-patrimoine-aoustois.fr\/?page_id=7672","title":{"rendered":"ANN\u00c9E 2023"},"content":{"rendered":"\n<p class=\"has-text-align-center has-medium-font-size\"><br><br><br><br><br><strong>ARCHIVES &#8211; ANN\u00c9E 2023<\/strong><\/p>\n\n\n\n<p><br><br><br><\/p>\n\n\n\n<p><\/p>\n\n\n\n<p><\/p>\n\n\n<div class=\"wp-block-image\">\n<figure class=\"aligncenter size-full\"><img fetchpriority=\"high\" decoding=\"async\" width=\"750\" height=\"476\" src=\"https:\/\/histoire-patrimoine-aoustois.fr\/wp-content\/uploads\/2022\/12\/prise-deau-canal-moulins-crest-1.jpg\" alt=\"\" class=\"wp-image-7680\" srcset=\"https:\/\/histoire-patrimoine-aoustois.fr\/wp-content\/uploads\/2022\/12\/prise-deau-canal-moulins-crest-1.jpg 750w, https:\/\/histoire-patrimoine-aoustois.fr\/wp-content\/uploads\/2022\/12\/prise-deau-canal-moulins-crest-1-300x190.jpg 300w\" sizes=\"(max-width: 750px) 100vw, 750px\" \/><\/figure>\n<\/div>\n\n\n<p><br><\/p>\n\n\n\n<p><\/p>\n\n\n\n<p><\/p>\n\n\n\n<p><br><br><strong>Mars 2023 : <\/strong><\/p>\n\n\n\n<p><a href=\"https:\/\/histoire-patrimoine-aoustois.fr\/?p=7805\"><em>Le g\u00e9ant Theutobocus<\/em><\/a><\/p>\n\n\n\n<p><em><a href=\"https:\/\/histoire-patrimoine-aoustois.fr\/?p=7841\">Le facteur \u00e0 L&rsquo;Escoulin<\/a><\/em><\/p>\n\n\n\n<p><em><a href=\"https:\/\/histoire-patrimoine-aoustois.fr\/?page_id=7881\" target=\"_blank\" rel=\"noreferrer noopener\">Aouste sur Sye &#8230; l&rsquo;eau dans tous ses \u00e9tats<\/a><\/em><\/p>\n\n\n\n<p><a href=\"https:\/\/histoire-patrimoine-aoustois.fr\/?p=8065\" target=\"_blank\" rel=\"noreferrer noopener\"><em>Aouste sur Sye et les voies anciennes<\/em><\/a><\/p>\n\n\n\n<p><a href=\"https:\/\/histoire-patrimoine-aoustois.fr\/?p=8238\"><em>Le corps \u00e9lectoral \u00e0 Aouste 1838-186<\/em>3<\/a><\/p>\n\n\n\n<p><\/p>\n\n\n\n<p><strong>Juin 2023<\/strong> :<\/p>\n\n\n\n<p><a href=\"https:\/\/histoire-patrimoine-aoustois.fr\/?p=8375\"><em>Les Bouillane et les Richaud<\/em><\/a><\/p>\n\n\n\n<p><em><a href=\"https:\/\/aouste-a-coeur.fr\/saillans\/\">Saillans<\/a><\/em><\/p>\n\n\n\n<p><br><strong>Juillet 2023<\/strong><\/p>\n\n\n\n<p class=\"has-text-color\" style=\"color:#1b07e3\"><em><a href=\"https:\/\/histoire-patrimoine-aoustois.fr\/?p=8422\">La transhumance vers le Vercors dr\u00f4mois au XVIIIe si\u00e8cle<\/a><\/em><\/p>\n\n\n\n<p><em><a href=\"https:\/\/histoire-patrimoine-aoustois.fr\/?p=8448\">L&rsquo;Abbaye de Valcroissant <\/a><\/em><\/p>\n\n\n\n<p><\/p>\n\n\n\n<p><br><strong>Ao\u00fbt 2023<\/strong><\/p>\n\n\n\n<p><\/p>\n\n\n\n<p><em><a href=\"https:\/\/histoire-patrimoine-aoustois.fr\/?p=8458\">Implantation et croissance du village de Saillans<\/a> &#8230;<\/em><\/p>\n\n\n\n<p><em><a href=\"https:\/\/histoire-patrimoine-aoustois.fr\/?p=8495\">Les comtes de Poitiers-Valentinois<\/a><\/em><\/p>\n\n\n\n<p><\/p>\n\n\n\n<p><strong>Septembre  2023<\/strong><\/p>\n\n\n\n<p class=\"has-text-color\" style=\"color:#4007e3\"><em><a href=\"https:\/\/histoire-patrimoine-aoustois.fr\/?page_id=8530\">Histoire d&rsquo;Aouste sur Sye par l&rsquo;image<\/a><\/em><\/p>\n\n\n\n<p><em><a href=\"https:\/\/histoire-patrimoine-aoustois.fr\/?p=8543\">Le passage des Ecossais dans le Diois en 1496<\/a><\/em><\/p>\n\n\n\n<p><em><a href=\"https:\/\/histoire-patrimoine-aoustois.fr\/?p=8561\">Proc\u00e8s en 1608 \u00e0 Chateauneuf de Mazenc<\/a><\/em><\/p>\n\n\n\n<p><a href=\"https:\/\/histoire-patrimoine-aoustois.fr\/?p=8572\"><em>Us et coutumes dans la Dr\u00f4me en 1930<\/em><\/a><\/p>\n\n\n\n<p><\/p>\n\n\n\n<p><strong>Octobre 2023<\/strong><\/p>\n\n\n\n<p><em><a href=\"https:\/\/histoire-patrimoine-aoustois.fr\/?p=8592\">Am\u00e9nagement du centre-bourg<\/a><\/em><\/p>\n\n\n\n<p><strong>Novembre 2023<\/strong><\/p>\n\n\n\n<p><em><a href=\"https:\/\/histoire-patrimoine-aoustois.fr\/?p=8665\">Le d\u00e9partement de la Dr\u00f4me en 1800 &#8211; 1802<\/a><\/em><\/p>\n\n\n\n<p><em><a href=\"https:\/\/histoire-patrimoine-aoustois.fr\/?p=8691\">Le d\u00e9partement de la Dr\u00f4me en 1698<\/a><\/em><\/p>\n\n\n\n<p><a href=\"https:\/\/histoire-patrimoine-aoustois.fr\/?p=8829\"><em>Exposition \u00ab\u00a0La pr\u00e9sence des Sapeurs pompiers \u00e0 Aouste sur Sye<\/em><\/a><\/p>\n","protected":false},"excerpt":{"rendered":"<p>ARCHIVES &#8211; ANN\u00c9E 2023 Mars 2023 : Le g\u00e9ant Theutobocus Le facteur \u00e0 L&rsquo;Escoulin Aouste sur Sye &#8230; l&rsquo;eau dans tous ses \u00e9tats Aouste sur Sye et les voies anciennes Le corps \u00e9lectoral \u00e0 Aouste 1838-1863 Juin 2023 : Les Bouillane et les Richaud Saillans Juillet 2023 La transhumance vers le Vercors dr\u00f4mois au XVIIIe [&hellip;]<\/p>\n","protected":false},"author":1,"featured_media":0,"parent":0,"menu_order":0,"comment_status":"closed","ping_status":"closed","template":"","meta":{"footnotes":""},"class_list":["post-7672","page","type-page","status-publish","hentry","entry"],"yoast_head":"<!-- This site is optimized with the Yoast SEO plugin v27.3 - https:\/\/yoast.com\/product\/yoast-seo-wordpress\/ -->\n<title>ANN\u00c9E 2023 - HISTOIRE PATRIMOINE AOUSTOIS<\/title>\n<meta name=\"robots\" content=\"index, follow, max-snippet:-1, max-image-preview:large, max-video-preview:-1\" \/>\n<link rel=\"canonical\" href=\"https:\/\/histoire-patrimoine-aoustois.fr\/?page_id=7672\" \/>\n<meta property=\"og:locale\" content=\"fr_FR\" \/>\n<meta property=\"og:type\" content=\"article\" \/>\n<meta property=\"og:title\" content=\"ANN\u00c9E 2023 - HISTOIRE PATRIMOINE AOUSTOIS\" \/>\n<meta property=\"og:description\" content=\"ARCHIVES &#8211; ANN\u00c9E 2023 Mars 2023 : Le g\u00e9ant Theutobocus Le facteur \u00e0 L&rsquo;Escoulin Aouste sur Sye &#8230; l&rsquo;eau dans tous ses \u00e9tats Aouste sur Sye et les voies anciennes Le corps \u00e9lectoral \u00e0 Aouste 1838-1863 Juin 2023 : Les Bouillane et les Richaud Saillans Juillet 2023 La transhumance vers le Vercors dr\u00f4mois au XVIIIe [&hellip;]\" \/>\n<meta property=\"og:url\" content=\"https:\/\/histoire-patrimoine-aoustois.fr\/?page_id=7672\" \/>\n<meta property=\"og:site_name\" content=\"HISTOIRE PATRIMOINE AOUSTOIS\" \/>\n<meta property=\"article:modified_time\" content=\"2024-01-08T13:11:56+00:00\" \/>\n<meta property=\"og:image\" content=\"https:\/\/histoire-patrimoine-aoustois.fr\/wp-content\/uploads\/2022\/12\/prise-deau-canal-moulins-crest-1.jpg\" \/>\n<meta name=\"twitter:card\" content=\"summary_large_image\" \/>\n<meta name=\"twitter:label1\" content=\"Dur\u00e9e de lecture estim\u00e9e\" \/>\n\t<meta name=\"twitter:data1\" content=\"1 minute\" \/>\n<script type=\"application\/ld+json\" class=\"yoast-schema-graph\">{\"@context\":\"https:\\\/\\\/schema.org\",\"@graph\":[{\"@type\":\"WebPage\",\"@id\":\"https:\\\/\\\/histoire-patrimoine-aoustois.fr\\\/?page_id=7672\",\"url\":\"https:\\\/\\\/histoire-patrimoine-aoustois.fr\\\/?page_id=7672\",\"name\":\"ANN\u00c9E 2023 - HISTOIRE PATRIMOINE AOUSTOIS\",\"isPartOf\":{\"@id\":\"https:\\\/\\\/histoire-patrimoine-aoustois.fr\\\/#website\"},\"primaryImageOfPage\":{\"@id\":\"https:\\\/\\\/histoire-patrimoine-aoustois.fr\\\/?page_id=7672#primaryimage\"},\"image\":{\"@id\":\"https:\\\/\\\/histoire-patrimoine-aoustois.fr\\\/?page_id=7672#primaryimage\"},\"thumbnailUrl\":\"https:\\\/\\\/histoire-patrimoine-aoustois.fr\\\/wp-content\\\/uploads\\\/2022\\\/12\\\/prise-deau-canal-moulins-crest-1.jpg\",\"datePublished\":\"2022-12-25T05:12:46+00:00\",\"dateModified\":\"2024-01-08T13:11:56+00:00\",\"breadcrumb\":{\"@id\":\"https:\\\/\\\/histoire-patrimoine-aoustois.fr\\\/?page_id=7672#breadcrumb\"},\"inLanguage\":\"fr-FR\",\"potentialAction\":[{\"@type\":\"ReadAction\",\"target\":[\"https:\\\/\\\/histoire-patrimoine-aoustois.fr\\\/?page_id=7672\"]}]},{\"@type\":\"ImageObject\",\"inLanguage\":\"fr-FR\",\"@id\":\"https:\\\/\\\/histoire-patrimoine-aoustois.fr\\\/?page_id=7672#primaryimage\",\"url\":\"https:\\\/\\\/histoire-patrimoine-aoustois.fr\\\/wp-content\\\/uploads\\\/2022\\\/12\\\/prise-deau-canal-moulins-crest-1.jpg\",\"contentUrl\":\"https:\\\/\\\/histoire-patrimoine-aoustois.fr\\\/wp-content\\\/uploads\\\/2022\\\/12\\\/prise-deau-canal-moulins-crest-1.jpg\",\"width\":750,\"height\":476},{\"@type\":\"BreadcrumbList\",\"@id\":\"https:\\\/\\\/histoire-patrimoine-aoustois.fr\\\/?page_id=7672#breadcrumb\",\"itemListElement\":[{\"@type\":\"ListItem\",\"position\":1,\"name\":\"Accueil\",\"item\":\"https:\\\/\\\/histoire-patrimoine-aoustois.fr\\\/\"},{\"@type\":\"ListItem\",\"position\":2,\"name\":\"ANN\u00c9E 2023\"}]},{\"@type\":\"WebSite\",\"@id\":\"https:\\\/\\\/histoire-patrimoine-aoustois.fr\\\/#website\",\"url\":\"https:\\\/\\\/histoire-patrimoine-aoustois.fr\\\/\",\"name\":\"HISTOIRE PATRIMOINE AOUSTOIS\",\"description\":\"\",\"publisher\":{\"@id\":\"https:\\\/\\\/histoire-patrimoine-aoustois.fr\\\/#organization\"},\"potentialAction\":[{\"@type\":\"SearchAction\",\"target\":{\"@type\":\"EntryPoint\",\"urlTemplate\":\"https:\\\/\\\/histoire-patrimoine-aoustois.fr\\\/?s={search_term_string}\"},\"query-input\":{\"@type\":\"PropertyValueSpecification\",\"valueRequired\":true,\"valueName\":\"search_term_string\"}}],\"inLanguage\":\"fr-FR\"},{\"@type\":\"Organization\",\"@id\":\"https:\\\/\\\/histoire-patrimoine-aoustois.fr\\\/#organization\",\"name\":\"histoire patrimoine aoustois\",\"url\":\"https:\\\/\\\/histoire-patrimoine-aoustois.fr\\\/\",\"logo\":{\"@type\":\"ImageObject\",\"inLanguage\":\"fr-FR\",\"@id\":\"https:\\\/\\\/histoire-patrimoine-aoustois.fr\\\/#\\\/schema\\\/logo\\\/image\\\/\",\"url\":\"\",\"contentUrl\":\"\",\"caption\":\"histoire patrimoine aoustois\"},\"image\":{\"@id\":\"https:\\\/\\\/histoire-patrimoine-aoustois.fr\\\/#\\\/schema\\\/logo\\\/image\\\/\"}}]}<\/script>\n<!-- \/ Yoast SEO plugin. -->","yoast_head_json":{"title":"ANN\u00c9E 2023 - HISTOIRE PATRIMOINE AOUSTOIS","robots":{"index":"index","follow":"follow","max-snippet":"max-snippet:-1","max-image-preview":"max-image-preview:large","max-video-preview":"max-video-preview:-1"},"canonical":"https:\/\/histoire-patrimoine-aoustois.fr\/?page_id=7672","og_locale":"fr_FR","og_type":"article","og_title":"ANN\u00c9E 2023 - HISTOIRE PATRIMOINE AOUSTOIS","og_description":"ARCHIVES &#8211; ANN\u00c9E 2023 Mars 2023 : Le g\u00e9ant Theutobocus Le facteur \u00e0 L&rsquo;Escoulin Aouste sur Sye &#8230; l&rsquo;eau dans tous ses \u00e9tats Aouste sur Sye et les voies anciennes Le corps \u00e9lectoral \u00e0 Aouste 1838-1863 Juin 2023 : Les Bouillane et les Richaud Saillans Juillet 2023 La transhumance vers le Vercors dr\u00f4mois au XVIIIe [&hellip;]","og_url":"https:\/\/histoire-patrimoine-aoustois.fr\/?page_id=7672","og_site_name":"HISTOIRE PATRIMOINE AOUSTOIS","article_modified_time":"2024-01-08T13:11:56+00:00","og_image":[{"url":"https:\/\/histoire-patrimoine-aoustois.fr\/wp-content\/uploads\/2022\/12\/prise-deau-canal-moulins-crest-1.jpg","type":"","width":"","height":""}],"twitter_card":"summary_large_image","twitter_misc":{"Dur\u00e9e de lecture estim\u00e9e":"1 minute"},"schema":{"@context":"https:\/\/schema.org","@graph":[{"@type":"WebPage","@id":"https:\/\/histoire-patrimoine-aoustois.fr\/?page_id=7672","url":"https:\/\/histoire-patrimoine-aoustois.fr\/?page_id=7672","name":"ANN\u00c9E 2023 - HISTOIRE PATRIMOINE AOUSTOIS","isPartOf":{"@id":"https:\/\/histoire-patrimoine-aoustois.fr\/#website"},"primaryImageOfPage":{"@id":"https:\/\/histoire-patrimoine-aoustois.fr\/?page_id=7672#primaryimage"},"image":{"@id":"https:\/\/histoire-patrimoine-aoustois.fr\/?page_id=7672#primaryimage"},"thumbnailUrl":"https:\/\/histoire-patrimoine-aoustois.fr\/wp-content\/uploads\/2022\/12\/prise-deau-canal-moulins-crest-1.jpg","datePublished":"2022-12-25T05:12:46+00:00","dateModified":"2024-01-08T13:11:56+00:00","breadcrumb":{"@id":"https:\/\/histoire-patrimoine-aoustois.fr\/?page_id=7672#breadcrumb"},"inLanguage":"fr-FR","potentialAction":[{"@type":"ReadAction","target":["https:\/\/histoire-patrimoine-aoustois.fr\/?page_id=7672"]}]},{"@type":"ImageObject","inLanguage":"fr-FR","@id":"https:\/\/histoire-patrimoine-aoustois.fr\/?page_id=7672#primaryimage","url":"https:\/\/histoire-patrimoine-aoustois.fr\/wp-content\/uploads\/2022\/12\/prise-deau-canal-moulins-crest-1.jpg","contentUrl":"https:\/\/histoire-patrimoine-aoustois.fr\/wp-content\/uploads\/2022\/12\/prise-deau-canal-moulins-crest-1.jpg","width":750,"height":476},{"@type":"BreadcrumbList","@id":"https:\/\/histoire-patrimoine-aoustois.fr\/?page_id=7672#breadcrumb","itemListElement":[{"@type":"ListItem","position":1,"name":"Accueil","item":"https:\/\/histoire-patrimoine-aoustois.fr\/"},{"@type":"ListItem","position":2,"name":"ANN\u00c9E 2023"}]},{"@type":"WebSite","@id":"https:\/\/histoire-patrimoine-aoustois.fr\/#website","url":"https:\/\/histoire-patrimoine-aoustois.fr\/","name":"HISTOIRE PATRIMOINE AOUSTOIS","description":"","publisher":{"@id":"https:\/\/histoire-patrimoine-aoustois.fr\/#organization"},"potentialAction":[{"@type":"SearchAction","target":{"@type":"EntryPoint","urlTemplate":"https:\/\/histoire-patrimoine-aoustois.fr\/?s={search_term_string}"},"query-input":{"@type":"PropertyValueSpecification","valueRequired":true,"valueName":"search_term_string"}}],"inLanguage":"fr-FR"},{"@type":"Organization","@id":"https:\/\/histoire-patrimoine-aoustois.fr\/#organization","name":"histoire patrimoine aoustois","url":"https:\/\/histoire-patrimoine-aoustois.fr\/","logo":{"@type":"ImageObject","inLanguage":"fr-FR","@id":"https:\/\/histoire-patrimoine-aoustois.fr\/#\/schema\/logo\/image\/","url":"","contentUrl":"","caption":"histoire patrimoine aoustois"},"image":{"@id":"https:\/\/histoire-patrimoine-aoustois.fr\/#\/schema\/logo\/image\/"}}]}},"jetpack_sharing_enabled":true,"_links":{"self":[{"href":"https:\/\/histoire-patrimoine-aoustois.fr\/index.php?rest_route=\/wp\/v2\/pages\/7672","targetHints":{"allow":["GET"]}}],"collection":[{"href":"https:\/\/histoire-patrimoine-aoustois.fr\/index.php?rest_route=\/wp\/v2\/pages"}],"about":[{"href":"https:\/\/histoire-patrimoine-aoustois.fr\/index.php?rest_route=\/wp\/v2\/types\/page"}],"author":[{"embeddable":true,"href":"https:\/\/histoire-patrimoine-aoustois.fr\/index.php?rest_route=\/wp\/v2\/users\/1"}],"replies":[{"embeddable":true,"href":"https:\/\/histoire-patrimoine-aoustois.fr\/index.php?rest_route=%2Fwp%2Fv2%2Fcomments&post=7672"}],"version-history":[{"count":24,"href":"https:\/\/histoire-patrimoine-aoustois.fr\/index.php?rest_route=\/wp\/v2\/pages\/7672\/revisions"}],"predecessor-version":[{"id":8890,"href":"https:\/\/histoire-patrimoine-aoustois.fr\/index.php?rest_route=\/wp\/v2\/pages\/7672\/revisions\/8890"}],"wp:attachment":[{"href":"https:\/\/histoire-patrimoine-aoustois.fr\/index.php?rest_route=%2Fwp%2Fv2%2Fmedia&parent=7672"}],"curies":[{"name":"wp","href":"https:\/\/api.w.org\/{rel}","templated":true}]}}