{"id":9551,"date":"2025-01-10T08:32:26","date_gmt":"2025-01-10T08:32:26","guid":{"rendered":"https:\/\/histoire-patrimoine-aoustois.fr\/?page_id=9551"},"modified":"2025-08-03T09:11:47","modified_gmt":"2025-08-03T09:11:47","slug":"annee-2025","status":"publish","type":"page","link":"https:\/\/histoire-patrimoine-aoustois.fr\/?page_id=9551","title":{"rendered":"ANNEE 2025"},"content":{"rendered":"\t\t<div data-elementor-type=\"wp-page\" data-elementor-id=\"9551\" class=\"elementor elementor-9551\">\n\t\t\t\t<div class=\"elementor-element elementor-element-7c58183 e-flex e-con-boxed e-con e-parent\" data-id=\"7c58183\" data-element_type=\"container\" data-e-type=\"container\">\n\t\t\t\t\t<div class=\"e-con-inner\">\n\t\t\t\t<div class=\"elementor-element elementor-element-1962b289 elementor-widget elementor-widget-text-editor\" data-id=\"1962b289\" data-element_type=\"widget\" data-e-type=\"widget\" data-widget_type=\"text-editor.default\">\n\t\t\t\t<div class=\"elementor-widget-container\">\n\t\t\t\t\t\t\t\t\t\n<p>\u00a0<\/p>\n\n<p>\u00a0<\/p>\n\n<p class=\"has-text-align-center has-black-color has-text-color has-link-color has-medium-font-size wp-elements-4c69d905a77cd855a6da36602623864b\" style=\"text-align: center;\"><strong>ANN\u00c9E 2025<\/strong><\/p>\n<p>\u00a0<\/p>\n<p class=\"has-text-align-center has-black-color has-text-color has-link-color has-medium-font-size\" style=\"text-align: center;\"><strong><br \/><br \/><\/strong><br \/><img fetchpriority=\"high\" decoding=\"async\" class=\"aligncenter wp-image-9560 size-full\" src=\"https:\/\/histoire-patrimoine-aoustois.fr\/wp-content\/uploads\/2025\/01\/aouste-vue-1860-bis.png\" alt=\"\" width=\"750\" height=\"526\" srcset=\"https:\/\/histoire-patrimoine-aoustois.fr\/wp-content\/uploads\/2025\/01\/aouste-vue-1860-bis.png 750w, https:\/\/histoire-patrimoine-aoustois.fr\/wp-content\/uploads\/2025\/01\/aouste-vue-1860-bis-300x210.png 300w\" sizes=\"(max-width: 750px) 100vw, 750px\" \/><\/p>\n<p style=\"text-align: center;\"><em><strong>Aouste fin XIXe si\u00e8cle<\/strong><\/em><\/p>\n\n<p>\u00a0<\/p>\n\n<p>\u00a0<\/p>\n\n<p>\u00a0<\/p>\n\n<p><strong>Janvier 2025<\/strong><\/p>\n\n<p><a href=\"https:\/\/histoire-patrimoine-aoustois.fr\/?p=9500\"><em>Les \u00e9coles primaires d&rsquo;Aouste du XVIIe au XIXe si\u00e8cle<\/em><\/a><\/p>\n\n<p><strong>F\u00e9vrier 2025<\/strong><\/p>\n<p><a href=\"https:\/\/histoire-patrimoine-aoustois.fr\/?p=9581\"><em>Le Parc Vincent et l&rsquo;histoire d&rsquo;Aouste<\/em><\/a><\/p>\n<p><strong>Ao\u00fbt 2025<\/strong><\/p>\n<p><a href=\"https:\/\/histoire-patrimoine-aoustois.fr\/?p=9716\"><em><span style=\"color: #0000ff;\">Aouste sur Sye &#8230; son agriculture<\/span><\/em><\/a><\/p>\n<p>\u00a0<\/p>\n<p>\u00a0<\/p>\n<p>\u00a0<\/p>\n\t\t\t\t\t\t\t\t<\/div>\n\t\t\t\t<\/div>\n\t\t\t\t\t<\/div>\n\t\t\t\t<\/div>\n\t\t\t\t<\/div>\n\t\t","protected":false},"excerpt":{"rendered":"<p>\u00a0 \u00a0 ANN\u00c9E 2025 \u00a0 Aouste fin XIXe si\u00e8cle \u00a0 \u00a0 \u00a0 Janvier 2025 Les \u00e9coles primaires d&rsquo;Aouste du XVIIe au XIXe si\u00e8cle F\u00e9vrier 2025 Le Parc Vincent et l&rsquo;histoire d&rsquo;Aouste Ao\u00fbt 2025 Aouste sur Sye &#8230; son agriculture \u00a0 \u00a0 \u00a0<\/p>\n","protected":false},"author":1,"featured_media":0,"parent":0,"menu_order":0,"comment_status":"open","ping_status":"closed","template":"","meta":{"footnotes":""},"class_list":["post-9551","page","type-page","status-publish","hentry","entry"],"yoast_head":"<!-- This site is optimized with the Yoast SEO plugin v27.5 - https:\/\/yoast.com\/product\/yoast-seo-wordpress\/ -->\n<title>ANNEE 2025 - HISTOIRE PATRIMOINE AOUSTOIS<\/title>\n<meta name=\"robots\" content=\"index, follow, max-snippet:-1, max-image-preview:large, max-video-preview:-1\" \/>\n<link rel=\"canonical\" href=\"https:\/\/histoire-patrimoine-aoustois.fr\/?page_id=9551\" \/>\n<meta property=\"og:locale\" content=\"fr_FR\" \/>\n<meta property=\"og:type\" content=\"article\" \/>\n<meta property=\"og:title\" content=\"ANNEE 2025 - HISTOIRE PATRIMOINE AOUSTOIS\" \/>\n<meta property=\"og:description\" content=\"\u00a0 \u00a0 ANN\u00c9E 2025 \u00a0 Aouste fin XIXe si\u00e8cle \u00a0 \u00a0 \u00a0 Janvier 2025 Les \u00e9coles primaires d&rsquo;Aouste du XVIIe au XIXe si\u00e8cle F\u00e9vrier 2025 Le Parc Vincent et l&rsquo;histoire d&rsquo;Aouste Ao\u00fbt 2025 Aouste sur Sye &#8230; son agriculture \u00a0 \u00a0 \u00a0\" \/>\n<meta property=\"og:url\" content=\"https:\/\/histoire-patrimoine-aoustois.fr\/?page_id=9551\" \/>\n<meta property=\"og:site_name\" content=\"HISTOIRE PATRIMOINE AOUSTOIS\" \/>\n<meta property=\"article:modified_time\" content=\"2025-08-03T09:11:47+00:00\" \/>\n<meta property=\"og:image\" content=\"https:\/\/histoire-patrimoine-aoustois.fr\/wp-content\/uploads\/2025\/01\/aouste-vue-1860-bis.png\" \/>\n\t<meta property=\"og:image:width\" content=\"750\" \/>\n\t<meta property=\"og:image:height\" content=\"526\" \/>\n\t<meta property=\"og:image:type\" content=\"image\/png\" \/>\n<meta name=\"twitter:card\" content=\"summary_large_image\" \/>\n<meta name=\"twitter:label1\" content=\"Dur\u00e9e de lecture estim\u00e9e\" \/>\n\t<meta name=\"twitter:data1\" content=\"1 minute\" \/>\n<script type=\"application\/ld+json\" class=\"yoast-schema-graph\">{\"@context\":\"https:\\\/\\\/schema.org\",\"@graph\":[{\"@type\":\"WebPage\",\"@id\":\"https:\\\/\\\/histoire-patrimoine-aoustois.fr\\\/?page_id=9551\",\"url\":\"https:\\\/\\\/histoire-patrimoine-aoustois.fr\\\/?page_id=9551\",\"name\":\"ANNEE 2025 - HISTOIRE PATRIMOINE AOUSTOIS\",\"isPartOf\":{\"@id\":\"https:\\\/\\\/histoire-patrimoine-aoustois.fr\\\/#website\"},\"primaryImageOfPage\":{\"@id\":\"https:\\\/\\\/histoire-patrimoine-aoustois.fr\\\/?page_id=9551#primaryimage\"},\"image\":{\"@id\":\"https:\\\/\\\/histoire-patrimoine-aoustois.fr\\\/?page_id=9551#primaryimage\"},\"thumbnailUrl\":\"https:\\\/\\\/histoire-patrimoine-aoustois.fr\\\/wp-content\\\/uploads\\\/2025\\\/01\\\/aouste-vue-1860-bis.png\",\"datePublished\":\"2025-01-10T08:32:26+00:00\",\"dateModified\":\"2025-08-03T09:11:47+00:00\",\"breadcrumb\":{\"@id\":\"https:\\\/\\\/histoire-patrimoine-aoustois.fr\\\/?page_id=9551#breadcrumb\"},\"inLanguage\":\"fr-FR\",\"potentialAction\":[{\"@type\":\"ReadAction\",\"target\":[\"https:\\\/\\\/histoire-patrimoine-aoustois.fr\\\/?page_id=9551\"]}]},{\"@type\":\"ImageObject\",\"inLanguage\":\"fr-FR\",\"@id\":\"https:\\\/\\\/histoire-patrimoine-aoustois.fr\\\/?page_id=9551#primaryimage\",\"url\":\"https:\\\/\\\/histoire-patrimoine-aoustois.fr\\\/wp-content\\\/uploads\\\/2025\\\/01\\\/aouste-vue-1860-bis.png\",\"contentUrl\":\"https:\\\/\\\/histoire-patrimoine-aoustois.fr\\\/wp-content\\\/uploads\\\/2025\\\/01\\\/aouste-vue-1860-bis.png\",\"width\":750,\"height\":526},{\"@type\":\"BreadcrumbList\",\"@id\":\"https:\\\/\\\/histoire-patrimoine-aoustois.fr\\\/?page_id=9551#breadcrumb\",\"itemListElement\":[{\"@type\":\"ListItem\",\"position\":1,\"name\":\"Accueil\",\"item\":\"https:\\\/\\\/histoire-patrimoine-aoustois.fr\\\/\"},{\"@type\":\"ListItem\",\"position\":2,\"name\":\"ANNEE 2025\"}]},{\"@type\":\"WebSite\",\"@id\":\"https:\\\/\\\/histoire-patrimoine-aoustois.fr\\\/#website\",\"url\":\"https:\\\/\\\/histoire-patrimoine-aoustois.fr\\\/\",\"name\":\"HISTOIRE PATRIMOINE AOUSTOIS\",\"description\":\"\",\"publisher\":{\"@id\":\"https:\\\/\\\/histoire-patrimoine-aoustois.fr\\\/#organization\"},\"potentialAction\":[{\"@type\":\"SearchAction\",\"target\":{\"@type\":\"EntryPoint\",\"urlTemplate\":\"https:\\\/\\\/histoire-patrimoine-aoustois.fr\\\/?s={search_term_string}\"},\"query-input\":{\"@type\":\"PropertyValueSpecification\",\"valueRequired\":true,\"valueName\":\"search_term_string\"}}],\"inLanguage\":\"fr-FR\"},{\"@type\":\"Organization\",\"@id\":\"https:\\\/\\\/histoire-patrimoine-aoustois.fr\\\/#organization\",\"name\":\"histoire patrimoine aoustois\",\"url\":\"https:\\\/\\\/histoire-patrimoine-aoustois.fr\\\/\",\"logo\":{\"@type\":\"ImageObject\",\"inLanguage\":\"fr-FR\",\"@id\":\"https:\\\/\\\/histoire-patrimoine-aoustois.fr\\\/#\\\/schema\\\/logo\\\/image\\\/\",\"url\":\"\",\"contentUrl\":\"\",\"caption\":\"histoire patrimoine aoustois\"},\"image\":{\"@id\":\"https:\\\/\\\/histoire-patrimoine-aoustois.fr\\\/#\\\/schema\\\/logo\\\/image\\\/\"}}]}<\/script>\n<!-- \/ Yoast SEO plugin. -->","yoast_head_json":{"title":"ANNEE 2025 - HISTOIRE PATRIMOINE AOUSTOIS","robots":{"index":"index","follow":"follow","max-snippet":"max-snippet:-1","max-image-preview":"max-image-preview:large","max-video-preview":"max-video-preview:-1"},"canonical":"https:\/\/histoire-patrimoine-aoustois.fr\/?page_id=9551","og_locale":"fr_FR","og_type":"article","og_title":"ANNEE 2025 - HISTOIRE PATRIMOINE AOUSTOIS","og_description":"\u00a0 \u00a0 ANN\u00c9E 2025 \u00a0 Aouste fin XIXe si\u00e8cle \u00a0 \u00a0 \u00a0 Janvier 2025 Les \u00e9coles primaires d&rsquo;Aouste du XVIIe au XIXe si\u00e8cle F\u00e9vrier 2025 Le Parc Vincent et l&rsquo;histoire d&rsquo;Aouste Ao\u00fbt 2025 Aouste sur Sye &#8230; son agriculture \u00a0 \u00a0 \u00a0","og_url":"https:\/\/histoire-patrimoine-aoustois.fr\/?page_id=9551","og_site_name":"HISTOIRE PATRIMOINE AOUSTOIS","article_modified_time":"2025-08-03T09:11:47+00:00","og_image":[{"width":750,"height":526,"url":"https:\/\/histoire-patrimoine-aoustois.fr\/wp-content\/uploads\/2025\/01\/aouste-vue-1860-bis.png","type":"image\/png"}],"twitter_card":"summary_large_image","twitter_misc":{"Dur\u00e9e de lecture estim\u00e9e":"1 minute"},"schema":{"@context":"https:\/\/schema.org","@graph":[{"@type":"WebPage","@id":"https:\/\/histoire-patrimoine-aoustois.fr\/?page_id=9551","url":"https:\/\/histoire-patrimoine-aoustois.fr\/?page_id=9551","name":"ANNEE 2025 - HISTOIRE PATRIMOINE AOUSTOIS","isPartOf":{"@id":"https:\/\/histoire-patrimoine-aoustois.fr\/#website"},"primaryImageOfPage":{"@id":"https:\/\/histoire-patrimoine-aoustois.fr\/?page_id=9551#primaryimage"},"image":{"@id":"https:\/\/histoire-patrimoine-aoustois.fr\/?page_id=9551#primaryimage"},"thumbnailUrl":"https:\/\/histoire-patrimoine-aoustois.fr\/wp-content\/uploads\/2025\/01\/aouste-vue-1860-bis.png","datePublished":"2025-01-10T08:32:26+00:00","dateModified":"2025-08-03T09:11:47+00:00","breadcrumb":{"@id":"https:\/\/histoire-patrimoine-aoustois.fr\/?page_id=9551#breadcrumb"},"inLanguage":"fr-FR","potentialAction":[{"@type":"ReadAction","target":["https:\/\/histoire-patrimoine-aoustois.fr\/?page_id=9551"]}]},{"@type":"ImageObject","inLanguage":"fr-FR","@id":"https:\/\/histoire-patrimoine-aoustois.fr\/?page_id=9551#primaryimage","url":"https:\/\/histoire-patrimoine-aoustois.fr\/wp-content\/uploads\/2025\/01\/aouste-vue-1860-bis.png","contentUrl":"https:\/\/histoire-patrimoine-aoustois.fr\/wp-content\/uploads\/2025\/01\/aouste-vue-1860-bis.png","width":750,"height":526},{"@type":"BreadcrumbList","@id":"https:\/\/histoire-patrimoine-aoustois.fr\/?page_id=9551#breadcrumb","itemListElement":[{"@type":"ListItem","position":1,"name":"Accueil","item":"https:\/\/histoire-patrimoine-aoustois.fr\/"},{"@type":"ListItem","position":2,"name":"ANNEE 2025"}]},{"@type":"WebSite","@id":"https:\/\/histoire-patrimoine-aoustois.fr\/#website","url":"https:\/\/histoire-patrimoine-aoustois.fr\/","name":"HISTOIRE PATRIMOINE AOUSTOIS","description":"","publisher":{"@id":"https:\/\/histoire-patrimoine-aoustois.fr\/#organization"},"potentialAction":[{"@type":"SearchAction","target":{"@type":"EntryPoint","urlTemplate":"https:\/\/histoire-patrimoine-aoustois.fr\/?s={search_term_string}"},"query-input":{"@type":"PropertyValueSpecification","valueRequired":true,"valueName":"search_term_string"}}],"inLanguage":"fr-FR"},{"@type":"Organization","@id":"https:\/\/histoire-patrimoine-aoustois.fr\/#organization","name":"histoire patrimoine aoustois","url":"https:\/\/histoire-patrimoine-aoustois.fr\/","logo":{"@type":"ImageObject","inLanguage":"fr-FR","@id":"https:\/\/histoire-patrimoine-aoustois.fr\/#\/schema\/logo\/image\/","url":"","contentUrl":"","caption":"histoire patrimoine aoustois"},"image":{"@id":"https:\/\/histoire-patrimoine-aoustois.fr\/#\/schema\/logo\/image\/"}}]}},"jetpack_sharing_enabled":true,"_links":{"self":[{"href":"https:\/\/histoire-patrimoine-aoustois.fr\/index.php?rest_route=\/wp\/v2\/pages\/9551","targetHints":{"allow":["GET"]}}],"collection":[{"href":"https:\/\/histoire-patrimoine-aoustois.fr\/index.php?rest_route=\/wp\/v2\/pages"}],"about":[{"href":"https:\/\/histoire-patrimoine-aoustois.fr\/index.php?rest_route=\/wp\/v2\/types\/page"}],"author":[{"embeddable":true,"href":"https:\/\/histoire-patrimoine-aoustois.fr\/index.php?rest_route=\/wp\/v2\/users\/1"}],"replies":[{"embeddable":true,"href":"https:\/\/histoire-patrimoine-aoustois.fr\/index.php?rest_route=%2Fwp%2Fv2%2Fcomments&post=9551"}],"version-history":[{"count":15,"href":"https:\/\/histoire-patrimoine-aoustois.fr\/index.php?rest_route=\/wp\/v2\/pages\/9551\/revisions"}],"predecessor-version":[{"id":9735,"href":"https:\/\/histoire-patrimoine-aoustois.fr\/index.php?rest_route=\/wp\/v2\/pages\/9551\/revisions\/9735"}],"wp:attachment":[{"href":"https:\/\/histoire-patrimoine-aoustois.fr\/index.php?rest_route=%2Fwp%2Fv2%2Fmedia&parent=9551"}],"curies":[{"name":"wp","href":"https:\/\/api.w.org\/{rel}","templated":true}]}}